{"id":44,"date":"2018-06-02T16:17:41","date_gmt":"2018-06-02T16:17:41","guid":{"rendered":"http:\/\/fof.oac.uncor.edu\/2019\/?page_id=44"},"modified":"2019-03-19T19:27:38","modified_gmt":"2019-03-19T19:27:38","slug":"invited-speakers","status":"publish","type":"page","link":"http:\/\/fof.oac.uncor.edu\/2019\/invited-speakers\/","title":{"rendered":"Invited Speakers"},"content":{"rendered":"<p style=\"text-align: center\">Confirmed Invited Speakers:<\/p>\n<hr \/>\n<p style=\"text-align: center\"><strong>Marica Branchesi<\/strong><br \/>\n<em>Gran Sasso Science Institute, L\u2019Aquila, Italy<\/em><\/p>\n<p style=\"text-align: center\"><strong>Gabriela Gonz\u00e1lez<\/strong><br \/>\n<em>Louisiana State University, Baton Rouge, USA<\/em><\/p>\n<p style=\"text-align: center\"><strong>Luca Pasquini<\/strong><br \/>\n<em>ESO, Garching bei Muenchen, Germany<\/em><\/p>\n<p style=\"text-align: center\"><strong>Ver\u00f3nica Firpo<\/strong><br \/>\n<em>Gemini Observatory, La Serena, Chile<\/em><\/p>\n<p style=\"text-align: center\"><strong>Andrea Biviano<\/strong><br \/>\n<em>INAF \u2013 Osservatorio Astronomico di Trieste, Trieste, Italy<\/em><\/p>\n<p style=\"text-align: center\"><strong>Anabella T. Araudo<\/strong><br \/>\n<em>Astronomical Institute \u2013 Czech Academy of Sciences, Prague, Czech Republic<\/em><br \/>\n<em>ELI Beamlines, Institute of Physics, Czech Academy of Sciences<\/em><\/p>\n<p style=\"text-align: center\"><strong>C\u00e9line Boehm<\/strong><br \/>\n<em>School of Physics \u2013 University of Sydney, Sydney, Australia<\/em><\/p>\n<p style=\"text-align: center\"><strong>Horacio Dottori<\/strong><br \/>\n<em>Universidade Federal do Rio Grande do Sul, Porto Alegre, Brazil<\/em><\/p>\n<p style=\"text-align: center\"><strong>Laura Silva<\/strong><br \/>\n<em>INAF \u2013 Osservatorio Astronomico di Trieste, Trieste, Italy<\/em><\/p>\n<p style=\"text-align: center\"><strong>Adam J. Hawken<\/strong><br \/>\n<em>INAF \u2013 Osservatorio Astronomico di Brera, Merate, Italy<\/em><\/p>\n<p style=\"text-align: center\"><strong>Laura Sales<\/strong><br \/>\n<em>University of California, Riverside, USA<\/em><\/p>\n<p style=\"text-align: center\"><strong>Sofia Cora<\/strong><br \/>\n<em>Instituto de Astrof\u00edsica de La Plata, La Plata, Argentina<\/em><\/p>\n<p style=\"text-align: center\"><strong>Rog\u00e9rio Riffel<\/strong><br \/>\n<em>Universidade Federal do Rio Grande do Sul, Porto Alegre, Brazil<\/em><\/p>\n<p style=\"text-align: center\"><strong>Claudia Sc\u00f3ccola<\/strong><br \/>\n<em>Universidad Nacional de La Plata, La Plata, Argentina<\/em><\/p>\n<p style=\"text-align: center\"><strong>Edoardo Carlesi<\/strong><br \/>\n<em>Leibniz Institute for Astrophysics Potsdam, Potsdam, Germany<\/em><\/p>\n<p style=\"text-align: center\"><strong>Cecilia Chirenti<\/strong><br \/>\n<em>Universidade Federal do ABC, Santo Andr\u00e9, Brazil<\/em><\/p>\n<p style=\"text-align: center\"><strong>Mart\u00edn Mackler<\/strong><br \/>\n<em>Centro Brasileiro de Pesquisas F\u0131\u0301sicas, Rio de Janeiro, Brazil<\/em><\/p>\n<p style=\"text-align: center\"><strong>Alejandro Benitez-Llambay<\/strong><br \/>\n<em>ICC &#8211; Durham University, Durham, United Kingdom<\/em><\/p>\n<p style=\"text-align: center\"><strong>Mar\u00eda Hebe Cremades Fernandez<\/strong><br \/>\n<em>Facultad Regional Mendoza, Mendoza, Argentina<\/em><\/p>\n<p style=\"text-align: center\"><strong>Pablo Benitez-Llambay<\/strong><br \/>\n<em>NBI &#8211; University of Copenhagen, Denmark<\/em><\/p>\n<p style=\"text-align: center\"><strong>Omar L\u00f3pez Cruz<\/strong><br \/>\n<em>Instituto Nacional de Astrof\u00edsica, \u00d3ptica y Electr\u00f3nica, Puebla, M\u00e9xico<\/em><\/p>\n<p style=\"text-align: center\"><strong>Lucas Macri<\/strong><br \/>\n<em>Texas A&amp;M and the TOROS collaboration, Texas, USA<\/em><\/p>\n<p style=\"text-align: center\"><strong>Daniel Siegel<\/strong><br \/>\n<em>Columbia University, New York, USA<\/em><\/p>\n<p style=\"text-align: center\"><strong>Luis Lehner<\/strong><br \/>\n<em>Perimeter Institute, Waterloo, Canada<\/em><\/p>\n<p style=\"text-align: center\"><strong>Efrain Ferrer<\/strong><br \/>\n<em>College of Staten Island, City University of New York, USA<\/em><\/p>\n","protected":false},"excerpt":{"rendered":"<p>Confirmed Invited Speakers: Marica Branchesi Gran Sasso Science Institute, L\u2019Aquila, Italy Gabriela Gonz\u00e1lez Louisiana State University, Baton Rouge, USA Luca Pasquini ESO, Garching bei Muenchen, Germany Ver\u00f3nica Firpo Gemini Observatory, &hellip; <\/p>\n<p class=\"link-more\"><a href=\"http:\/\/fof.oac.uncor.edu\/2019\/invited-speakers\/\" class=\"more-link\">Segu\u00ed leyendo<span class=\"screen-reader-text\"> &#8220;Invited Speakers&#8221;<\/span><\/a><\/p>\n","protected":false},"author":11,"featured_media":0,"parent":0,"menu_order":0,"comment_status":"closed","ping_status":"closed","template":"","meta":[],"_links":{"self":[{"href":"http:\/\/fof.oac.uncor.edu\/2019\/wp-json\/wp\/v2\/pages\/44"}],"collection":[{"href":"http:\/\/fof.oac.uncor.edu\/2019\/wp-json\/wp\/v2\/pages"}],"about":[{"href":"http:\/\/fof.oac.uncor.edu\/2019\/wp-json\/wp\/v2\/types\/page"}],"author":[{"embeddable":true,"href":"http:\/\/fof.oac.uncor.edu\/2019\/wp-json\/wp\/v2\/users\/11"}],"replies":[{"embeddable":true,"href":"http:\/\/fof.oac.uncor.edu\/2019\/wp-json\/wp\/v2\/comments?post=44"}],"version-history":[{"count":36,"href":"http:\/\/fof.oac.uncor.edu\/2019\/wp-json\/wp\/v2\/pages\/44\/revisions"}],"predecessor-version":[{"id":534,"href":"http:\/\/fof.oac.uncor.edu\/2019\/wp-json\/wp\/v2\/pages\/44\/revisions\/534"}],"wp:attachment":[{"href":"http:\/\/fof.oac.uncor.edu\/2019\/wp-json\/wp\/v2\/media?parent=44"}],"curies":[{"name":"wp","href":"https:\/\/api.w.org\/{rel}","templated":true}]}}