{"id":101,"date":"2019-06-12T15:46:37","date_gmt":"2019-06-12T18:46:37","guid":{"rendered":"http:\/\/fof.oac.uncor.edu\/2020\/?page_id=101"},"modified":"2019-08-03T19:31:19","modified_gmt":"2019-08-03T22:31:19","slug":"scientific-committee","status":"publish","type":"page","link":"http:\/\/fof.oac.uncor.edu\/2020\/scientific-committee\/","title":{"rendered":"Scientific committee"},"content":{"rendered":"\n<p><strong>Sofia Cora<\/strong>,  <a href=\"http:\/\/ialp.fcaglp.unlp.edu.ar\/\">Instituto de Astrof\u00edsica de La Plata<\/a> , Argentina<\/p>\n\n\n\n<p><strong>Nelson Padilla<\/strong>, <a href=\"http:\/\/astro.uc.cl\/\"> Pontificia Universidad Cat\u00f3ilica de Chile<\/a>, Chile<\/p>\n\n\n\n<p><strong>Ariel Sanchez<\/strong>,  <a href=\"https:\/\/www.mpe.mpg.de\/\">Max-Planck-Institut f\u00fcr extraterrestrische Physik<\/a>, Germany<\/p>\n\n\n\n<p><strong>Hernan Muriel<\/strong>, <a href=\"http:\/\/iate.oac.uncor.edu\/\">Instituto de Astronom\u00eda Te\u00f3rica y Experimental<\/a>, Argentina<\/p>\n\n\n\n<figure class=\"wp-block-image\"><img decoding=\"async\" src=\"https:\/\/ssl.gstatic.com\/ui\/v1\/icons\/mail\/images\/cleardot.gif\" alt=\"\" \/><\/figure>\n\n\n\n<p><\/p>\n","protected":false},"excerpt":{"rendered":"<p>Sofia Cora, Instituto de Astrof\u00edsica de La Plata , Argentina Nelson Padilla, Pontificia Universidad Cat\u00f3ilica de Chile, Chile Ariel Sanchez, Max-Planck-Institut f\u00fcr extraterrestrische Physik, Germany Hernan Muriel, Instituto de Astronom\u00eda &hellip; <\/p>\n<p class=\"link-more\"><a href=\"http:\/\/fof.oac.uncor.edu\/2020\/scientific-committee\/\" class=\"more-link\">Continue reading<span class=\"screen-reader-text\"> &#8220;Scientific committee&#8221;<\/span><\/a><\/p>\n","protected":false},"author":24,"featured_media":0,"parent":0,"menu_order":0,"comment_status":"closed","ping_status":"closed","template":"","meta":[],"_links":{"self":[{"href":"http:\/\/fof.oac.uncor.edu\/2020\/wp-json\/wp\/v2\/pages\/101"}],"collection":[{"href":"http:\/\/fof.oac.uncor.edu\/2020\/wp-json\/wp\/v2\/pages"}],"about":[{"href":"http:\/\/fof.oac.uncor.edu\/2020\/wp-json\/wp\/v2\/types\/page"}],"author":[{"embeddable":true,"href":"http:\/\/fof.oac.uncor.edu\/2020\/wp-json\/wp\/v2\/users\/24"}],"replies":[{"embeddable":true,"href":"http:\/\/fof.oac.uncor.edu\/2020\/wp-json\/wp\/v2\/comments?post=101"}],"version-history":[{"count":5,"href":"http:\/\/fof.oac.uncor.edu\/2020\/wp-json\/wp\/v2\/pages\/101\/revisions"}],"predecessor-version":[{"id":144,"href":"http:\/\/fof.oac.uncor.edu\/2020\/wp-json\/wp\/v2\/pages\/101\/revisions\/144"}],"wp:attachment":[{"href":"http:\/\/fof.oac.uncor.edu\/2020\/wp-json\/wp\/v2\/media?parent=101"}],"curies":[{"name":"wp","href":"https:\/\/api.w.org\/{rel}","templated":true}]}}