{"id":232,"date":"2020-02-10T16:38:53","date_gmt":"2020-02-10T19:38:53","guid":{"rendered":"http:\/\/fof.oac.uncor.edu\/2020\/?page_id=232"},"modified":"2020-03-15T20:40:56","modified_gmt":"2020-03-15T23:40:56","slug":"participants","status":"publish","type":"page","link":"http:\/\/fof.oac.uncor.edu\/2020\/participants\/","title":{"rendered":"Participants"},"content":{"rendered":"\n\n<ul>\n    <li>\n        Abril Sahade\n        <small>(IATE-CONICET)<\/small>\n    <\/li>\n    <li>\n        Adriana Rodriguez Kamenetzky\n        <small>(IATE)<\/small>\n    <\/li>\n    <li>\n        Agust\u00edn Rodr\u00edguez Medrano\n        <small>(FaMAF)<\/small>\n    <\/li>\n    <li>\n        Agust\u00edn Rost\n        <small>(Instituto de Astronom\u00eda Te\u00f3rica y Experimental)<\/small>\n    <\/li>\n    <li>\n        Alejandro Esquivel\n        <small>(UNAM, Instituto de Ciencias Nucleares, M\u00e9xico.)<\/small>\n    <\/li>\n    <li>\n        Ana Luz Alab\u00ed Nassr\n        <small>(FaMAF)<\/small>\n    <\/li>\n    <li>\n        Ana O&#039;Mill\n        <small>(iate)<\/small>\n    <\/li>\n    <li>\n        Andrea Ahumada\n        <small>(OAC &#8211; CONICET)<\/small>\n    <\/li>\n    <li>\n        Andrea Paola Buccino\n        <small>(Instituto de Astronom\u00eda y F\u00edsica del Espacio IAFE (CONICET-UBA), Argentina.)<\/small>\n    <\/li>\n    <li>\n        Andr\u00e9s Nicol\u00e1s Ruiz\n        <small>(IATE &#8211; OAC)<\/small>\n    <\/li>\n    <li>\n        Antonela Taverna\n        <small>(IATE)<\/small>\n    <\/li>\n    <li>\n        Ariel Zandivarez\n        <small>(IATE-OAC)<\/small>\n    <\/li>\n    <li>\n        Bruno D\u00edas\n        <small>(ESO-Chile, UNAB-Chile.)<\/small>\n    <\/li>\n    <li>\n        Bruno Giuliani\n        <small>(Casleo)<\/small>\n    <\/li>\n    <li>\n        Bruno Sanchez\n        <small>(Department of Physics, Duke University)<\/small>\n    <\/li>\n    <li>\n        Candela Cerdosino\n        <small>(FaMAF)<\/small>\n    <\/li>\n    <li>\n        Carla Gabriela Oviedo\n        <small>(OAC- FaMAF)<\/small>\n    <\/li>\n    <li>\n        Carlos Donzelli\n        <small>(Observatorio Astronomico de Cordoba)<\/small>\n    <\/li>\n    <li>\n        Carlos Mauricio Correa\n        <small>(IATE)<\/small>\n    <\/li>\n    <li>\n        Carlos Saffe\n        <small>(ICATE)<\/small>\n    <\/li>\n    <li>\n        Carlos Valotto\n        <small>(IATE &#8211; OAC)<\/small>\n    <\/li>\n    <li>\n        Carolina Charalambous\n        <small>(IATE-OAC)<\/small>\n    <\/li>\n    <li>\n        Carolina Villalon\n        <small>(IATE, CONICET)<\/small>\n    <\/li>\n    <li>\n        Cecilia Mac Cormack\n        <small>(Instituto de Astronom\u00eda y F\u00edsica del Espacio (UBA &#8211; CONICET))<\/small>\n    <\/li>\n    <li>\n        Celeste Parisi\n        <small>(IATE-OAC)<\/small>\n    <\/li>\n    <li>\n        Cinthia Ragone Figueroa\n        \n    <\/li>\n    <li>\n        Cintia Fernanda Martinez\n        <small>(Observat\u00f3rio Nacional)<\/small>\n    <\/li>\n    <li>\n        Claudia Mendes De Oliveira\n        <small>(Universidade de S\u00e3o Paulo)<\/small>\n    <\/li>\n    <li>\n        Cristian Giuppone\n        <small>(OAC &#8211; IATE)<\/small>\n    <\/li>\n    <li>\n        Daira Elizabeth L\u00f3pez\n        <small>(Facultad de Matem\u00e1tica, Astronom\u00eda, F\u00edsica y Ciencias de la Computaci\u00f3n)<\/small>\n    <\/li>\n    <li>\n        Dami\u00e1n Mast\n        <small>(Observatorio Astron\u00f3mico de C\u00f3rdoba)<\/small>\n    <\/li>\n    <li>\n        Dante Paz\n        <small>(IATE-OAC)<\/small>\n    <\/li>\n    <li>\n        David Merlo\n        <small>(OAC-UNC)<\/small>\n    <\/li>\n    <li>\n        Eduardo Schmidt\n        <small>(IATE)<\/small>\n    <\/li>\n    <li>\n        Elizabeth Gonzalez\n        <small>(CBPF)<\/small>\n    <\/li>\n    <li>\n        Emmanuel Gianuzzi\n        <small>(FaMAF &#8211; OAC)<\/small>\n    <\/li>\n    <li>\n        Eugenia D\u00edaz-Gim\u00e9nez\n        <small>(IATE &#8211; OAC)<\/small>\n    <\/li>\n    <li>\n        Ezequiel Boero\n        <small>(IATE-UNC)<\/small>\n    <\/li>\n    <li>\n        Facundo Rodriguez\n        <small>(IATE)<\/small>\n    <\/li>\n    <li>\n        Federico Ariel Cena\n        <small>(OAC-UNC)<\/small>\n    <\/li>\n    <li>\n        Federico D\u00e1vila Kurb\u00e1n\n        <small>(IATE)<\/small>\n    <\/li>\n    <li>\n        Federico Stasyszyn\n        <small>(IATE)<\/small>\n    <\/li>\n    <li>\n        Federico Zoppetti\n        <small>(Observatorio Astron\u00f3mico de C\u00f3rdoba)<\/small>\n    <\/li>\n    <li>\n        Felipe Ramos Almendares\n        <small>(IATE-OAC-UNC)<\/small>\n    <\/li>\n    <li>\n        Fernanda Duplancic\n        <small>(FCEFN-UNSJ, CONICET)<\/small>\n    <\/li>\n    <li>\n        Flavia Lovos\n        <small>(Observatorio Astron\u00f3mico de C\u00f3rdoba (OAC))<\/small>\n    <\/li>\n    <li>\n        Florencia Collacchioni\n        \n    <\/li>\n    <li>\n        Franco Manini\n        <small>(Universidad Nacional de San Juan)<\/small>\n    <\/li>\n    <li>\n        Gabriel Oio\n        <small>(IATE)<\/small>\n    <\/li>\n    <li>\n        Gaia Gaspar\n        <small>(OAC)<\/small>\n    <\/li>\n    <li>\n        Gast\u00f3n Escobar\n        <small>(Instituto Argentino de Radioastronom\u00eda)<\/small>\n    <\/li>\n    <li>\n        Georgina Coldwell\n        <small>(DGyA &#8211; UNSJ)<\/small>\n    <\/li>\n    <li>\n        Gianluigi Granato\n        <small>(Istituto Nazionale di Astrofisica (INAF), Trieste)<\/small>\n    <\/li>\n    <li>\n        Gonzalo Diaz\n        <small>(Gemini Observatory )<\/small>\n    <\/li>\n    <li>\n        Guillermo Abramson\n        <small>(Instituto Balseiro and CONICET)<\/small>\n    <\/li>\n    <li>\n        Guillermo Gunthardt\n        <small>(OAC)<\/small>\n    <\/li>\n    <li>\n        Guillermo Yornet\n        <small>(Icate)<\/small>\n    <\/li>\n    <li>\n        Gustavo Luis Baume\n        <small>(FCAG (UNLP) &#8211; IALP (Conicet &#8211; UNLP))<\/small>\n    <\/li>\n    <li>\n        Hebe Cremades\n        <small>(Centro de Estudios para el Desarrollo Sustentable, UTN-FRM, Mendoza, Argentina.)<\/small>\n    <\/li>\n    <li>\n        Heliana Luparello\n        <small>(IATE)<\/small>\n    <\/li>\n    <li>\n        Hern\u00e1n Muriel\n        <small>(IATE-OAC)<\/small>\n    <\/li>\n    <li>\n        Hugo Andr\u00e9s Durantini Luca\n        <small>(Instituto de Astronom\u00eda T\u00e9orica y Experimental (IATE))<\/small>\n    <\/li>\n    <li>\n        H\u00e9ctor Juli\u00e1n Mart\u00ednez\n        <small>(IATE)<\/small>\n    <\/li>\n    <li>\n        Ignacio Germ\u00e1n Alfaro\n        <small>(IATE)<\/small>\n    <\/li>\n    <li>\n        Ingrid Vanessa Daza Perilla\n        <small>(Instituto de Astronom\u00eda Te\u00f3rica y Experimental (IATE))<\/small>\n    <\/li>\n    <li>\n        Ismael Ferrero\n        <small>(ITA &#8211; University of Oslo)<\/small>\n    <\/li>\n    <li>\n        Ivan Lacerna\n        <small>(Universidad de Atacama)<\/small>\n    <\/li>\n    <li>\n        Ivan Lopez\n        <small>(FCAG-UNLP)<\/small>\n    <\/li>\n    <li>\n        Javier Camperi\n        <small>(OAC)<\/small>\n    <\/li>\n    <li>\n        Joaqu\u00edn Pelle\n        <small>(FaMAF)<\/small>\n    <\/li>\n    <li>\n        Jose Benavides\n        <small>(Universidad Nacional de C\u00f3rdoba)<\/small>\n    <\/li>\n    <li>\n        Jos\u00e9 Gregorio Fern\u00e1ndez-Trincado\n        <small>(Universidad de Atacama, Copiap\u00f3, Chile,)<\/small>\n    <\/li>\n    <li>\n        Juan Cabral\n        <small>(CIFASIS-UNR-AMU, IATE-OAC-UNC)<\/small>\n    <\/li>\n    <li>\n        Juan Diego Racker\n        <small>(IATE)<\/small>\n    <\/li>\n    <li>\n        Juan Facundo Albacete Colombo\n        <small>(UNRN &#8211; CONICET)<\/small>\n    <\/li>\n    <li>\n        Laura Baravalle\n        <small>(IATE)<\/small>\n    <\/li>\n    <li>\n        Laura Ceccarelli\n        <small>(IATE-OAC)<\/small>\n    <\/li>\n    <li>\n        Laura Donoso\n        <small>(IATE)<\/small>\n    <\/li>\n    <li>\n        Leila Saker\n        <small>(OAC)<\/small>\n    <\/li>\n    <li>\n        Leticia Virginia Ferrero\n        <small>(OAC-UNC)<\/small>\n    <\/li>\n    <li>\n        Luciana Gramajo\n        <small>(Observatorio Astron\u00f3mico de Cordoba &#8211;  UNC)<\/small>\n    <\/li>\n    <li>\n        Luis Pereyra\n        <small>(IATE)<\/small>\n    <\/li>\n    <li>\n        Luis Vega Neme\n        <small>(IATE-OAC)<\/small>\n    <\/li>\n    <li>\n        Manuel Merchan\n        <small>(Observatorio Astronomico de C\u00f3rdoba)<\/small>\n    <\/li>\n    <li>\n        Marcelo Lares\n        <small>(IATE)<\/small>\n    <\/li>\n    <li>\n        Marcelo Miller Bertolami\n        <small>(Instituto de Astrof\u00edsica la Plata (CONICET-UNLP), Argentina.)<\/small>\n    <\/li>\n    <li>\n        Marcelo Rubio\n        <small>(IATE &#8211; OAC)<\/small>\n    <\/li>\n    <li>\n        Marcos Celi\n        <small>(Universidad Nacional de La Plata)<\/small>\n    <\/li>\n    <li>\n        Marcos Ramirez\n        <small>(IATE)<\/small>\n    <\/li>\n    <li>\n        Maria Alonso\n        <small>(Observatorio Astronomico de Cordoba &#8211; IATE-CONICET)<\/small>\n    <\/li>\n    <li>\n        Maria Antonela Taverna\n        <small>(IATE)<\/small>\n    <\/li>\n    <li>\n        Mariana C\u00e9cere\n        <small>(IATE-OAC)<\/small>\n    <\/li>\n    <li>\n        Marilyn Saavedra\n        <small>(Famaf)<\/small>\n    <\/li>\n    <li>\n        Mario Abadi\n        <small>(Observatorio Astron\u00f3mico de C\u00f3rdoba &amp; IATE)<\/small>\n    <\/li>\n    <li>\n        Mario Agustin Sgro\n        <small>(IATE)<\/small>\n    <\/li>\n    <li>\n        Martin Chalela\n        <small>(IATE)<\/small>\n    <\/li>\n    <li>\n        Martin Leiva\n        <small>(Observatorio astron\u00f3mico de cordoba)<\/small>\n    <\/li>\n    <li>\n        Martin Moyano\n        <small>(UNC)<\/small>\n    <\/li>\n    <li>\n        Martin Ortega\n        <small>(Instituto de Astronom\u00eda y F\u00edsica del Espacio IAFE (CONICET-UBA), Argentina.)<\/small>\n    <\/li>\n    <li>\n        Mar\u00eda Belen Areal\n        <small>(Instituto de Astronom\u00eda y F\u00edsica del Espacio &#8211; IAFE)<\/small>\n    <\/li>\n    <li>\n        Mar\u00eda Elizabeth Favaro\n        <small>(FaMAF &#8211; OAC)<\/small>\n    <\/li>\n    <li>\n        Mar\u00eda Paula Ronco\n        <small>(Instituto de Astrof\u00edsica &#8211; Pontificia Universidad Cat\u00f3lica de Chile &#8211; N\u00facleo Milenio de Formaci\u00f3n Planetaria)<\/small>\n    <\/li>\n    <li>\n        Mar\u00eda Paz Ag\u00fcero\n        <small>(OAC)<\/small>\n    <\/li>\n    <li>\n        Mar\u00eda Rosa Mu\u00f1oz Jofre\n        <small>(FAMAF)<\/small>\n    <\/li>\n    <li>\n        Mathilde Jauzac\n        <small>(Durham University, United Kingdom.)<\/small>\n    <\/li>\n    <li>\n        Mat\u00edas Flores\n        <small>(ICATE)<\/small>\n    <\/li>\n    <li>\n        Mauricio Ljungberg\n        <small>(FaMAF &#8211; OAC)<\/small>\n    <\/li>\n    <li>\n        Mercedes Vazzano\n        <small>(Instituto Argentino de Radioastronomia (CONICET-UNLP), Argentina.)<\/small>\n    <\/li>\n    <li>\n        Milagros Colazo\n        <small>(FaMAF-OAC)<\/small>\n    <\/li>\n    <li>\n        Miriam Pe\u00f1a\n        <small>(Instituto de Astronom\u00eda, Universidad  Nacional Aut\u00f3noma de M\u00e9xico)<\/small>\n    <\/li>\n    <li>\n        Nair Tr\u00f3golo\n        <small>(Observatorio Astron\u00f3mico de C\u00f3rdoba)<\/small>\n    <\/li>\n    <li>\n        Olga Pintado\n        <small>(Centro de Tecnolog\u00eda Disruptiva (USPT), Argentina.)<\/small>\n    <\/li>\n    <li>\n        Omar Lopez-Cruz\n        <small>(Instituto Nacional de Astrof\u00edsica, \u00d3ptica y Electr\u00f3nica, M\u00e9xico.)<\/small>\n    <\/li>\n    <li>\n        Ornela Marioni\n        <small>(IATE \/FaMAF)<\/small>\n    <\/li>\n    <li>\n        Pablo L\u00f3pez\n        <small>(IATE)<\/small>\n    <\/li>\n    <li>\n        Pascale Hibon\n        <small>(VLT Telescope System Scientist (ESO) \u2013 Chile).)<\/small>\n    <\/li>\n    <li>\n        Patricio Colazo\n        <small>(FaMAF &#8211; UNC)<\/small>\n    <\/li>\n    <li>\n        Paula Andrea Miquelarena Hollger\n        <small>(Instituto de Ciencias Astron\u00f3micas, de la Tierra y del Espacio, (Consejo Nacional de Investigaciones Cient\u00edficas y T\u00e9cnicas &#8211; Universidad Nacional de San Juan))<\/small>\n    <\/li>\n    <li>\n        Roberto Gonzalez\n        <small>(PUC &amp; EY)<\/small>\n    <\/li>\n    <li>\n        Rafael Andr\u00e9s Pignata\n        <small>(FaMAF &#8211; OAC )<\/small>\n    <\/li>\n    <li>\n        Ricardo Gil-Hutton\n        <small>(Departamento de geof\u00edsica y astronom\u00eda \u2013 Facultad de Cs.Exactas F\u00edsicas y Naturales (CONICET-UNSJ), Argentina..)<\/small>\n    <\/li>\n    <li>\n        Rodolfo Artola\n        <small>(IATE)<\/small>\n    <\/li>\n    <li>\n        Rom\u00e1n Vena Valdarenas\n        <small>(Observatorio Astron\u00f3mico de C\u00f3rdoba)<\/small>\n    <\/li>\n    <li>\n        Sandro Villanova\n        <small>(Universidad de Concepci\u00f3n)<\/small>\n    <\/li>\n    <li>\n        Sebastain Gurovich\n        <small>(IATE)<\/small>\n    <\/li>\n    <li>\n        Selene Levis\n        <small>(FaMAF &#8211; UNC)<\/small>\n    <\/li>\n    <li>\n        Sof\u00eda Per\u00f3n\n        <small>(Famaf)<\/small>\n    <\/li>\n    <li>\n        Sol Alonso\n        <small>(Departamento de geof\u00edsica y astronom\u00eda \u2013 Facultad de Cs.Exactas F\u00edsicas y Naturales (CONICET-UNSJ), Argentina)<\/small>\n    <\/li>\n    <li>\n        Susana Beatriz Araujo Furlan\n        <small>(FAMAF y OAC-UNC)<\/small>\n    <\/li>\n    <li>\n        Tali Palma\n        <small>(OAC-UNC)<\/small>\n    <\/li>\n    <li>\n        Tomas Hough\n        <small>(Faculta de Ciencias Astron\u00f3micas y Geof\u00edsicas de La Plata)<\/small>\n    <\/li>\n    <li>\n        Tom\u00e1s Ans\u00edn\n        <small>(FCAG-UNLP)<\/small>\n    <\/li>\n    <li>\n        Valeria Ayl\u00e9n Cristiani\n        <small>(FaMAF &#8211; OAC)<\/small>\n    <\/li>\n    <li>\n        Valeria Coenda\n        <small>(IATE-OAC)<\/small>\n    <\/li>\n    <li>\n        Valeria Mesa\n        <small>(Universidad de La Serena)<\/small>\n    <\/li>\n    <li>\n        Victoria Reynaldi\n        <small>(FCAG)<\/small>\n    <\/li>\n    <li>\n        Victoria Santucho\n        <small>(IATE )<\/small>\n    <\/li>\n    <li>\n        Walter Weidmann\n        <small>(OAC)<\/small>\n    <\/li>\n    <li>\n        Yamila Yaryura\n        <small>(IATE)<\/small>\n    <\/li>\n    <li>\n        Carolina Chavero\n        <small>(OAC)<\/small>\n    <\/li>\n    <li>\n        Ckfdeczquolf Ckfdeczquolf\n        <small>(UNICAP)<\/small>\n    <\/li>\n    <li>\n        Jorge Correa-Otto\n        <small>(Grupo de Ciencias Planetarias, Dpto. Geof. y Ast., FCEFN, UNSJ; CONICET)<\/small>\n    <\/li>\n    <li>\n        Maria Gabriela Volpe\n        <small>(iate)<\/small>\n    <\/li>\n    <li>\n        Victoria Rubinstein\n        <small>(OAC)<\/small>\n    <\/li>\n<\/ul>\n<div>\n    <small>Updated: 2020-03-15 20:39:59.858779<\/small>\n<\/div>\n","protected":false},"excerpt":{"rendered":"<p>Abril Sahade (IATE-CONICET) Adriana Rodriguez Kamenetzky (IATE) Agust\u00edn Rodr\u00edguez Medrano (FaMAF) Agust\u00edn Rost (Instituto de Astronom\u00eda Te\u00f3rica y Experimental) Alejandro Esquivel (UNAM, Instituto de Ciencias Nucleares, M\u00e9xico.) Ana Luz Alab\u00ed &hellip; <\/p>\n<p class=\"link-more\"><a href=\"http:\/\/fof.oac.uncor.edu\/2020\/participants\/\" class=\"more-link\">Continue reading<span class=\"screen-reader-text\"> &#8220;Participants&#8221;<\/span><\/a><\/p>\n","protected":false},"author":24,"featured_media":0,"parent":0,"menu_order":0,"comment_status":"closed","ping_status":"closed","template":"","meta":[],"_links":{"self":[{"href":"http:\/\/fof.oac.uncor.edu\/2020\/wp-json\/wp\/v2\/pages\/232"}],"collection":[{"href":"http:\/\/fof.oac.uncor.edu\/2020\/wp-json\/wp\/v2\/pages"}],"about":[{"href":"http:\/\/fof.oac.uncor.edu\/2020\/wp-json\/wp\/v2\/types\/page"}],"author":[{"embeddable":true,"href":"http:\/\/fof.oac.uncor.edu\/2020\/wp-json\/wp\/v2\/users\/24"}],"replies":[{"embeddable":true,"href":"http:\/\/fof.oac.uncor.edu\/2020\/wp-json\/wp\/v2\/comments?post=232"}],"version-history":[{"count":10,"href":"http:\/\/fof.oac.uncor.edu\/2020\/wp-json\/wp\/v2\/pages\/232\/revisions"}],"predecessor-version":[{"id":273,"href":"http:\/\/fof.oac.uncor.edu\/2020\/wp-json\/wp\/v2\/pages\/232\/revisions\/273"}],"wp:attachment":[{"href":"http:\/\/fof.oac.uncor.edu\/2020\/wp-json\/wp\/v2\/media?parent=232"}],"curies":[{"name":"wp","href":"https:\/\/api.w.org\/{rel}","templated":true}]}}