{"id":43,"date":"2019-06-11T19:03:28","date_gmt":"2019-06-11T22:03:28","guid":{"rendered":"http:\/\/fof.oac.uncor.edu\/2020\/?page_id=43"},"modified":"2020-02-11T14:11:50","modified_gmt":"2020-02-11T17:11:50","slug":"venue-and-accommodation","status":"publish","type":"page","link":"http:\/\/fof.oac.uncor.edu\/2020\/venue-and-accommodation\/","title":{"rendered":"Venue and accommodation"},"content":{"rendered":"\n<h2 class=\"wp-block-heading\">VENUE<\/h2>\n\n\n\n<p>Instituto de Astronom\u00eda Te\u00f3rica y Experimental (IATE) \u2013 Observatorio Astron\u00f3mico de C\u00f3rdoba (OAC)<\/p>\n\n\n\n<p><strong>Address:<\/strong>&nbsp; Francisco Narciso de Laprida 854,  C\u00f3rdoba City,  C\u00f3rdoba Province,  Argentina.<br><a rel=\"noreferrer noopener\" href=\"https:\/\/goo.gl\/maps\/XY7ZeM9nomw\" target=\"_blank\">View Map<\/a><\/p>\n\n\n\n<hr class=\"wp-block-separator\" \/>\n\n\n\n<h1 class=\"wp-block-heading\">TRANSPORTATION FROM BUENOS AIRES TO C\u00d3RDOBA<\/h1>\n\n\n\n<p style=\"text-align:left\">(The information shown may be outdated, it is recommended to verify the details by consulting in each case )<\/p>\n\n\n\n<p>There are two airports in Buenos Aires. Aeropuerto Internacional Ezeiza \u201cMinistro Pistarini\u201d (EZE, generally called just Ezeiza, 30 km away from the capital, Buenos Aires); and airport Aeroparque Jorge Newbery (AEP, situated in Buenos Aires itself, at just minutes from downtown) which handles domestic flights.<\/p>\n\n\n\n<p>If you arrive to Ezeiza there are three direct flights to C\u00f3rdoba, at 07:10 am, 12:00 am and 21:35 pm (Aerolineas Argentinas). If these conections are not suitable for you, you will need to change airport and go to catch other flights to Aeroparque. In order to do so, you can choose between Manuel Tienda Le\u00f3n shuttle services, Uber or take a taxi.<\/p>\n\n\n\n<p>Manuel Tienda Le\u00f3n offers different shuttle services from airport to airport.<br>Bus $550 (Argentinian Pesos)<br>Remis (four-seater vehicle) $1680 (Argentinian Pesos)<br>Tickets can be purchased online or directly at the Ezeiza terminal. Info in&nbsp;<a rel=\"noreferrer noopener\" href=\"http:\/\/www.tiendaleon.com\/\" target=\"_blank\">Manuel Tienda Le\u00f3n<\/a><br>You can choose to take an Uber, which will cost you around $1200.<br>Another possibility is to take a black and yellow taxi outside the hall of the Ezeiza airport, this will cost you around $1100.<\/p>\n\n\n\n<h2 class=\"wp-block-heading\">ACCOMMODATION<\/h2>\n\n\n\n<p>The following lodgings are listed in order of distance from the Observatorio Astron\u00f3mico de C\u00f3rdoba. All of them satisfy good price\/quality relation for each type of lodging. The prices are approximate and refer to the cheapest room offered. There are a lot more lodgings available in C\u00f3rdoba city, we recommend to stay in the closer neighborhoods of Nueva C\u00f3rdoba, Centro and Alberdi in case you rent an apart or another lodging for reasons of security and transportation.<\/p>\n\n\n\n<p><strong>ALOHA Habemus Hostel<\/strong><br>12 USD\/night.<br><em><a href=\"http:\/\/www.alohahostel.com.ar\/\">http:\/\/www.alohahostel.com.ar\/<\/a><\/em><\/p>\n\n\n\n<p><strong>Tango Hostel<\/strong><br>18.5 USD\/night.<br><em><a href=\"http:\/\/tangohostel.com.ar\/\">http:\/\/tangohostel.com.ar\/<\/a><\/em><\/p>\n\n\n\n<p><strong>Concord Rent Apart<\/strong><br>46 USD\/night.<br><em><a href=\"https:\/\/www.concordapart.com.ar\/\">https:\/\/www.concordapart.com.ar\/<\/a><\/em><\/p>\n\n\n\n<p><strong>Hotel de la Ca\u00f1ada<\/strong><br>50 USD\/night.<br><em><a href=\"http:\/\/hoteldelacaniada.com\/\">http:\/\/hoteldelacaniada.com<\/a><\/em><\/p>\n\n\n\n<p><strong>Casa Artigas Hostel<\/strong><br>https:\/\/casaartigas.arghotels.com\/<\/p>\n\n\n\n<p><strong>Coralt Aparts Montevideo<\/strong><br>37 USD\/night.<br><\/p>\n\n\n\n<p><strong>On Aparts<\/strong><br>44 USD\/night.<br><\/p>\n\n\n\n<p><strong>NH Cordoba Urbano Hotel<\/strong><br>59 USD\/night.<br><em><a href=\"https:\/\/www.nh-hotels.com\/hotel\/nh-cordoba-urbano\">https:\/\/www.nh-hotels.com\/hotel\/nh-cordoba-urbano<\/a><\/em><\/p>\n\n\n\n<p><strong>B 131 Apartments<\/strong><br>46 USD\/night.<br><em><a href=\"http:\/\/b131.com.ar\/\">http:\/\/b131.com.ar\/<\/a><\/em><\/p>\n\n\n\n<p><strong>531 Hostel<\/strong><br>10 USD\/night.<br><em><a href=\"https:\/\/booki.ng\/2BR3U8y\">https:\/\/booki.ng\/2BR3U8y<\/a><\/em><\/p>\n\n\n\n<p><strong>Hotel Sussex<\/strong><br>30 USD\/night.<br><em><a href=\"http:\/\/www.hotelsussexcba.com.ar\/\">http:\/\/www.hotelsussexcba.com.ar\/<\/a><\/em><\/p>\n\n\n\n<p><strong>Hotel Alto Parana<\/strong><br>23 USD\/night.<br><em><a href=\"http:\/\/altoparanahotel.com.ar\/es\/\">http:\/\/altoparanahotel.com.ar\/es\/<\/a><\/em><\/p>\n\n\n\n<p><strong>Kube Apartments<\/strong><br><em><a href=\"http:\/\/www.kubecordoba.com.ar\/\">http:\/\/www.kubecordoba.com.ar\/<\/a><\/em><\/p>\n\n\n\n<p><strong>Hotel Viena<\/strong><br>39 USD\/night.<br><a href=\"http:\/\/www.hotelviena.com.ar\/\"><em>http:\/\/www.hotelviena.com.ar\/<\/em><\/a><\/p>\n","protected":false},"excerpt":{"rendered":"<p>VENUE Instituto de Astronom\u00eda Te\u00f3rica y Experimental (IATE) \u2013 Observatorio Astron\u00f3mico de C\u00f3rdoba (OAC) Address:&nbsp; Francisco Narciso de Laprida 854, C\u00f3rdoba City, C\u00f3rdoba Province, Argentina.View Map TRANSPORTATION FROM BUENOS AIRES &hellip; <\/p>\n<p class=\"link-more\"><a href=\"http:\/\/fof.oac.uncor.edu\/2020\/venue-and-accommodation\/\" class=\"more-link\">Continue reading<span class=\"screen-reader-text\"> &#8220;Venue and accommodation&#8221;<\/span><\/a><\/p>\n","protected":false},"author":24,"featured_media":0,"parent":0,"menu_order":0,"comment_status":"closed","ping_status":"closed","template":"","meta":[],"_links":{"self":[{"href":"http:\/\/fof.oac.uncor.edu\/2020\/wp-json\/wp\/v2\/pages\/43"}],"collection":[{"href":"http:\/\/fof.oac.uncor.edu\/2020\/wp-json\/wp\/v2\/pages"}],"about":[{"href":"http:\/\/fof.oac.uncor.edu\/2020\/wp-json\/wp\/v2\/types\/page"}],"author":[{"embeddable":true,"href":"http:\/\/fof.oac.uncor.edu\/2020\/wp-json\/wp\/v2\/users\/24"}],"replies":[{"embeddable":true,"href":"http:\/\/fof.oac.uncor.edu\/2020\/wp-json\/wp\/v2\/comments?post=43"}],"version-history":[{"count":13,"href":"http:\/\/fof.oac.uncor.edu\/2020\/wp-json\/wp\/v2\/pages\/43\/revisions"}],"predecessor-version":[{"id":243,"href":"http:\/\/fof.oac.uncor.edu\/2020\/wp-json\/wp\/v2\/pages\/43\/revisions\/243"}],"wp:attachment":[{"href":"http:\/\/fof.oac.uncor.edu\/2020\/wp-json\/wp\/v2\/media?parent=43"}],"curies":[{"name":"wp","href":"https:\/\/api.w.org\/{rel}","templated":true}]}}