{"id":84,"date":"2019-06-12T00:40:58","date_gmt":"2019-06-12T03:40:58","guid":{"rendered":"http:\/\/fof.oac.uncor.edu\/2020\/?page_id=84"},"modified":"2020-02-22T11:13:23","modified_gmt":"2020-02-22T14:13:23","slug":"invited-speakers","status":"publish","type":"page","link":"http:\/\/fof.oac.uncor.edu\/2020\/invited-speakers\/","title":{"rendered":"Invited speakers"},"content":{"rendered":"\n<p><strong>Gian Luigi Granato<br><\/strong> INAF, Osservatorio Astronomico di Trieste, Italy.<br> Galaxy clusters and galaxy formation<\/p>\n\n\n\n<p><strong>Alejandro Esquivel<br><\/strong> UNAM, Instituto de Ciencias Nucleares, M\u00e9xico. <br> Magneto Hydro.<\/p>\n\n\n\n<p><strong>Bruno D\u00edas<br><\/strong> ESO-Chile, UNAB-Chile.<br> Galactic and extragalactic stellar clusters.<\/p>\n\n\n\n<p><strong>Sergio Paron<br><\/strong> Instituto de Astronom\u00eda y F\u00edsica del Espacio IAFE (CONICET-UBA), Argentina.<br> Multispectral study of the physical and chemical processes involved in star formation.<\/p>\n\n\n\n<p><strong>Martin Ortega<br><\/strong> Instituto de Astronom\u00eda y F\u00edsica del Espacio IAFE (CONICET-UBA), Argentina.<br> Expansive events associated with high-mass stars: their effects on the interstellar medium.<\/p>\n\n\n\n<p><strong>Sol Alonso<br><\/strong> Departamento de geof\u00edsica y astronom\u00eda &#8211; <br> Facultad de Cs.Exactas F\u00edsicas y Naturales (CONICET-UNSJ), Argentina.<br>Galaxy Interactions.<\/p>\n\n\n\n<p><strong>Mercedes Vazzano<\/strong><br> Instituto Argentino de Radioastronomia (CONICET-UNLP), Argentina.<br> Formation and evolution processes of low mass stars in Lupus.<\/p>\n\n\n\n<p><strong>Olga Pintado<br><\/strong> Centro de Tecnolog\u00eda Disruptiva (USPT), Argentina.<br> Study of normal and peculiar stars, using high dispersion spectres and photometry.<\/p>\n\n\n\n<p><strong>Ricardo Gil-Hutton<br><\/strong> Departamento de geof\u00edsica y astronom\u00eda &#8211; <br> Facultad de Cs.Exactas F\u00edsicas y Naturales (CONICET-UNSJ), Argentina.<br> Surface properties and collisional evolution of Solar System minor bodies.<\/p>\n\n\n\n<p><strong>Jos\u00e9 Gregorio Fern\u00e1ndez-Trincado<br><\/strong> Universidad de Atacama, Copiap\u00f3, Chile,<br> Stellar Astrophysics<\/p>\n\n\n\n<p><strong>Hebe Cremades<br><\/strong> Centro de Estudios para el Desarrollo Sustentable, UTN-FRM, Mendoza, Argentina. <br> Configuration of solar eruptive events during their initial phase.<\/p>\n\n\n\n<p><strong>Mathilde Jauzac<br><\/strong> Durham University, United Kingdom.<br> Gravitational lensing, galaxy clusters, Hubble images.<\/p>\n\n\n\n<p><strong>Miriam Pe\u00f1a<br><\/strong> Instituto de Astronom\u00eda Universidad Nacional Aut\u00f3noma de M\u00e9xico.<br> Planetary nebulae.<\/p>\n\n\n\n<p><strong>Pascale Hibon<br><\/strong> VLT Telescope System Scientist (ESO) &#8211; Chile).<br> Adaptive Optics, and, Telescope operations and performance.<\/p>\n\n\n\n<p><strong>Omar Lopez-Cruz<br><\/strong> Instituto Nacional de Astrof\u00edsica, \u00d3ptica y Electr\u00f3nica, M\u00e9xico.<br>Study clusters of galaxies, galaxy evolution and formation. Observational Cosmology.<\/p>\n\n\n\n<p><strong>Marcelo Miller Bertolami<\/strong><br> Instituto de Astrof\u00edsica la Plata (CONICET-UNLP), Argentina.<br>Stellar evolution and nucleosynthesis in low-mass stars and Planetary Formation.<\/p>\n\n\n\n<p><strong>Andrea Paola Buccino&nbsp;<\/strong><br> Instituto de Astronom\u00eda y F\u00edsica del Espacio IAFE (CONICET-UBA), Argentina.<br>Stellar activity in cool stars.<\/p>\n\n\n\n<p><strong>Guillermo Abramson<\/strong><br>Instituto Balseiro, Bariloche, Argentina.<br>Dynamics of nonlinear systems.<\/p>\n","protected":false},"excerpt":{"rendered":"<p>Gian Luigi Granato INAF, Osservatorio Astronomico di Trieste, Italy. Galaxy clusters and galaxy formation Alejandro Esquivel UNAM, Instituto de Ciencias Nucleares, M\u00e9xico. Magneto Hydro. Bruno D\u00edas ESO-Chile, UNAB-Chile. Galactic and &hellip; <\/p>\n<p class=\"link-more\"><a href=\"http:\/\/fof.oac.uncor.edu\/2020\/invited-speakers\/\" class=\"more-link\">Continue reading<span class=\"screen-reader-text\"> &#8220;Invited speakers&#8221;<\/span><\/a><\/p>\n","protected":false},"author":24,"featured_media":0,"parent":0,"menu_order":0,"comment_status":"closed","ping_status":"closed","template":"","meta":[],"_links":{"self":[{"href":"http:\/\/fof.oac.uncor.edu\/2020\/wp-json\/wp\/v2\/pages\/84"}],"collection":[{"href":"http:\/\/fof.oac.uncor.edu\/2020\/wp-json\/wp\/v2\/pages"}],"about":[{"href":"http:\/\/fof.oac.uncor.edu\/2020\/wp-json\/wp\/v2\/types\/page"}],"author":[{"embeddable":true,"href":"http:\/\/fof.oac.uncor.edu\/2020\/wp-json\/wp\/v2\/users\/24"}],"replies":[{"embeddable":true,"href":"http:\/\/fof.oac.uncor.edu\/2020\/wp-json\/wp\/v2\/comments?post=84"}],"version-history":[{"count":13,"href":"http:\/\/fof.oac.uncor.edu\/2020\/wp-json\/wp\/v2\/pages\/84\/revisions"}],"predecessor-version":[{"id":255,"href":"http:\/\/fof.oac.uncor.edu\/2020\/wp-json\/wp\/v2\/pages\/84\/revisions\/255"}],"wp:attachment":[{"href":"http:\/\/fof.oac.uncor.edu\/2020\/wp-json\/wp\/v2\/media?parent=84"}],"curies":[{"name":"wp","href":"https:\/\/api.w.org\/{rel}","templated":true}]}}