{"id":232,"date":"2020-02-10T16:38:53","date_gmt":"2020-02-10T19:38:53","guid":{"rendered":"http:\/\/fof.oac.uncor.edu\/2020\/?page_id=232"},"modified":"2021-04-23T23:45:13","modified_gmt":"2021-04-23T23:45:13","slug":"participants","status":"publish","type":"page","link":"http:\/\/fof.oac.uncor.edu\/2021\/participants\/","title":{"rendered":"Participants"},"content":{"rendered":"\n\n<ul>\n    <li>\n        Abril Sahade\n        <small>(IATE)<\/small>\n    <\/li>\n    <li>\n        Adriana Maria Gulisano\n        <small>(IAFE(UBA,-CONICET), IAA\/DNA, DF FCEN UBA)<\/small>\n    <\/li>\n    <li>\n        Agust\u00edn Rodr\u00edguez Medrano\n        <small>(IATE &#8211; FaMAF)<\/small>\n    <\/li>\n    <li>\n        Agust\u00edn Rost\n        <small>(IATE)<\/small>\n    <\/li>\n    <li>\n        Albert Santos\n        <small>(Federal University of Rio de Janeiro)<\/small>\n    <\/li>\n    <li>\n        Ana Elisa Collado\n        <small>(ICATE)<\/small>\n    <\/li>\n    <li>\n        Ana Garc\u00eda\n        <small>(Famaf)<\/small>\n    <\/li>\n    <li>\n        Ana Laura O&#8217;Mill\n        <small>(IATE)<\/small>\n    <\/li>\n    <li>\n        Antonela Taverna\n        <small>(IATE)<\/small>\n    <\/li>\n    <li>\n        Antonio Alejo\n        <small>(ICATE-UNSJ)<\/small>\n    <\/li>\n    <li>\n        Ariel Zandivarez\n        <small>(IATE)<\/small>\n    <\/li>\n    <li>\n        Camila Zuloaga\n        <small>(FAMAF)<\/small>\n    <\/li>\n    <li>\n        Candela Cerdosino\n        <small>(Famaf)<\/small>\n    <\/li>\n    <li>\n        Carlos Feinstein\n        <small>(IALP (Conicet\/UNLP))<\/small>\n    <\/li>\n    <li>\n        Carlos Mauricio Correa\n        <small>(IATE &#8211; OAC)<\/small>\n    <\/li>\n    <li>\n        Carlos Saffe\n        <small>(ICATE)<\/small>\n    <\/li>\n    <li>\n        Carlos Valotto\n        <small>(IATE-OAC)<\/small>\n    <\/li>\n    <li>\n        Carolina Charalambous\n        <small>(UNamur)<\/small>\n    <\/li>\n    <li>\n        Carolina Villalon\n        <small>(IATE, CONICET)<\/small>\n    <\/li>\n    <li>\n        Catalina Casanueva\n        <small>(Pontificia Universidad Cat\u00f3lica de Chile)<\/small>\n    <\/li>\n    <li>\n        Cecilia Scannapieco\n        <small>(DF-UBA)<\/small>\n    <\/li>\n    <li>\n        Cinthia Ragone Figueroa\n        <small>(IATE)<\/small>\n    <\/li>\n    <li>\n        Claudia Giordano\n        <small>(UNLP &#8211; CONICET)<\/small>\n    <\/li>\n    <li>\n        Claudio Antonio Lopez Cortez\n        <small>(Instituto de Ciencias Astron\u00f3micas, de la Tierra y del Espacio (Consejo Nacional de Investigaciones Cient\u00edficas y T\u00e9cnicas &#8211; Universidad Nacional de San Juan))<\/small>\n    <\/li>\n    <li>\n        Claudio Lopez\n        <small>(ICATE)<\/small>\n    <\/li>\n    <li>\n        Dami\u00e1n Mast\n        <small>(Observatorio Astron\u00f3mico de C\u00f3rdoba (OAC))<\/small>\n    <\/li>\n    <li>\n        Daniela Sofia Calvo Atencio\n        <small>(UNSJ)<\/small>\n    <\/li>\n    <li>\n        Dante Paz\n        <small>(IATE &#8211; OAC)<\/small>\n    <\/li>\n    <li>\n        David Merlo\n        <small>((OAC-UNC))<\/small>\n    <\/li>\n    <li>\n        David P\u00e9rez-Mill\u00e1n\n        <small>(IRyA &#8211; UNAM)<\/small>\n    <\/li>\n    <li>\n        Eduardo Schmidt\n        <small>(IATE\/Observatorio Astron\u00f3mico de C\u00f3rdoba)<\/small>\n    <\/li>\n    <li>\n        Elizabeth Favaro\n        <small>(OAC)<\/small>\n    <\/li>\n    <li>\n        Elizabeth Gonzalez\n        <small>(IATE)<\/small>\n    <\/li>\n    <li>\n        Emilio Donoso\n        <small>(ICATE)<\/small>\n    <\/li>\n    <li>\n        Emmanuel Gianuzzi\n        <small>(IATE)<\/small>\n    <\/li>\n    <li>\n        Enrique Paillas\n        <small>(Pontificia Universidad Cat\u00f3lica de Chile)<\/small>\n    <\/li>\n    <li>\n        Eugenia D\u00edaz-Gim\u00e9nez\n        <small>(IATE &#8211; OAC)<\/small>\n    <\/li>\n    <li>\n        Ezequiel Boero\n        <small>(IATE)<\/small>\n    <\/li>\n    <li>\n        Facundo Rodriguez\n        <small>(IATE)<\/small>\n    <\/li>\n    <li>\n        Federico D\u00e1vila Kurb\u00e1n\n        <small>(Instituto de Astronom\u00eda Te\u00f3rica y Observacional)<\/small>\n    <\/li>\n    <li>\n        Federico Iza\n        <small>(IAFE, CONICET-UBA)<\/small>\n    <\/li>\n    <li>\n        Federico Stasyszyn\n        <small>(IATE\/OAC)<\/small>\n    <\/li>\n    <li>\n        Federico Zoppetti\n        <small>(OAC &#8211; IATE)<\/small>\n    <\/li>\n    <li>\n        Florencia Collacchioni\n        <small>(IALP)<\/small>\n    <\/li>\n    <li>\n        Gabriel Oio\n        <small>(IATE)<\/small>\n    <\/li>\n    <li>\n        Gabriela Castelletti\n        <small>(IAFE)<\/small>\n    <\/li>\n    <li>\n        Gaia Gaspar\n        <small>(OAC)<\/small>\n    <\/li>\n    <li>\n        Gimena Mart\u00edn Girardi\n        <small>(FCEFN, UNSJ)<\/small>\n    <\/li>\n    <li>\n        Gonzalo Diaz\n        <small>(ICATE)<\/small>\n    <\/li>\n    <li>\n        Guillermo Emanuel Sillero Ros\n        <small>(IATE)<\/small>\n    <\/li>\n    <li>\n        Gustavo Baume\n        <small>(FCAG (UNLP) &#8211; IALP (Conicet-UNLP))<\/small>\n    <\/li>\n    <li>\n        Heliana Luparello\n        <small>(IATE)<\/small>\n    <\/li>\n    <li>\n        H\u00e9ctor Juli\u00e1n Mart\u00ednez\n        <small>(IATE-OAC)<\/small>\n    <\/li>\n    <li>\n        Ignacio Araya\n        <small>(Universidad Arturo Prat)<\/small>\n    <\/li>\n    <li>\n        Ignacio Germ\u00e1n Alfaro\n        <small>(IATE)<\/small>\n    <\/li>\n    <li>\n        Ingrid Vanessa Daza Perilla\n        <small>(IATE)<\/small>\n    <\/li>\n    <li>\n        Jimena Rodriguez\n        <small>(IALP)<\/small>\n    <\/li>\n    <li>\n        Joaqu\u00edn Sureda\n        <small>(Pontificia Universidad Cat\u00f3lica de Chile)<\/small>\n    <\/li>\n    <li>\n        Jose Alacoria\n        <small>(ICATE-CONICET)<\/small>\n    <\/li>\n    <li>\n        Jose Benavides\n        <small>(IATE, UNC)<\/small>\n    <\/li>\n    <li>\n        Juan Racker\n        <small>(IATE)<\/small>\n    <\/li>\n    <li>\n        Julieta Lazarte Gelmetti\n        <small>(FCEFN-UNSJ)<\/small>\n    <\/li>\n    <li>\n        Karina Rojas\n        <small>(EPFL)<\/small>\n    <\/li>\n    <li>\n        Laura Baravalle\n        <small>(IATE)<\/small>\n    <\/li>\n    <li>\n        Laura Ceccarelli\n        <small>(IATE-OAC)<\/small>\n    <\/li>\n    <li>\n        Leticia V. Ferrero\n        <small>(OAC-UNC)<\/small>\n    <\/li>\n    <li>\n        Lucas Zenocratti\n        <small>(FCAGLP-UNLP)<\/small>\n    <\/li>\n    <li>\n        Luciana Gramajo\n        <small>(Observatorio Astronomico de Cordoba (OAC &#8211; UNC))<\/small>\n    <\/li>\n    <li>\n        Luis Vega-Neme\n        <small>(IATE\/OAC)<\/small>\n    <\/li>\n    <li>\n        M. Bel\u00e9n Mari\n        <small>(OV &#8211; UFRJ)<\/small>\n    <\/li>\n    <li>\n        Marcela Morillo\n        <small>(Universidad T\u00e9cnica de Cotopaxi, Ecuador)<\/small>\n    <\/li>\n    <li>\n        Marcelo Rubio\n        <small>(Brandon University)<\/small>\n    <\/li>\n    <li>\n        Marcos Ramirez\n        <small>(IATE)<\/small>\n    <\/li>\n    <li>\n        Margionet D\u00edaz\n        <small>(OAC-IATE)<\/small>\n    <\/li>\n    <li>\n        Maria Elidaiana Da Silva Pereira\n        <small>(University of Michigan)<\/small>\n    <\/li>\n    <li>\n        Mariana C\u00e9cere\n        <small>(IATE &#8211; CONICET\/UNC y OAC &#8211; UNC)<\/small>\n    <\/li>\n    <li>\n        Mario Abadi\n        <small>(IATE-OAC)<\/small>\n    <\/li>\n    <li>\n        Mario Agust\u00edn Sgr\u00f3\n        <small>(IATE)<\/small>\n    <\/li>\n    <li>\n        Martin Chalela\n        <small>(IATE)<\/small>\n    <\/li>\n    <li>\n        Martin Makler\n        <small>(ICAS\/ICIFI\/UNSAM &amp; CBPF\/MCTI)<\/small>\n    <\/li>\n    <li>\n        Mart\u00edn Leiva\n        <small>(OAC)<\/small>\n    <\/li>\n    <li>\n        Mart\u00edn De Los Rios\n        <small>(ICTP-SAIFR)<\/small>\n    <\/li>\n    <li>\n        Mar\u00eda Fernanda Montero\n        <small>(FCAG-UNLP)<\/small>\n    <\/li>\n    <li>\n        Mar\u00eda Paula Ronco\n        <small>(Instituto de Astrof\u00edsica &#8211; PUC)<\/small>\n    <\/li>\n    <li>\n        Mar\u00eda Paz Ag\u00fcero\n        <small>(OAC)<\/small>\n    <\/li>\n    <li>\n        Mar\u00eda Victoria Alonso\n        <small>(IATE-OAC-UNC)<\/small>\n    <\/li>\n    <li>\n        Mat\u00edas Flores\n        <small>(ICATE)<\/small>\n    <\/li>\n    <li>\n        Mauricio Ljungberg\n        <small>(Observatorio Astronomico de Cordoba)<\/small>\n    <\/li>\n    <li>\n        Maximiliano Bozzoli\n        <small>(Facultad de Filosof\u00eda y Humanidades, UNC)<\/small>\n    <\/li>\n    <li>\n        Milagros Colazo\n        <small>(IATE &#8211; CONICET)<\/small>\n    <\/li>\n    <li>\n        Monica Alejandra Oddone\n        <small>(Observatorio Astronomico Cordoba)<\/small>\n    <\/li>\n    <li>\n        Nair Tr\u00f3golo\n        <small>(Observatorio Astron\u00f3mico de C\u00f3rdoba)<\/small>\n    <\/li>\n    <li>\n        Nelson Padilla\n        <small>(PUC)<\/small>\n    <\/li>\n    <li>\n        Noelia Roc\u00edo Perez\n        <small>(FCEFN &#8211; UNSJ)<\/small>\n    <\/li>\n    <li>\n        Octavio Garcia\n        <small>(FAMAF)<\/small>\n    <\/li>\n    <li>\n        Octavio Miguel Guilera\n        <small>(IALP)<\/small>\n    <\/li>\n    <li>\n        Ornela Marioni\n        <small>(IATE\/OAC)<\/small>\n    <\/li>\n    <li>\n        Pablo L\u00f3pez\n        <small>(IATE)<\/small>\n    <\/li>\n    <li>\n        Patricia Sallago\n        <small>(Facultad de Ciencias Astron\u00f3micas y Geof\u00edsicas- UNLP)<\/small>\n    <\/li>\n    <li>\n        Patricio Colazo\n        <small>(Famaf)<\/small>\n    <\/li>\n    <li>\n        Paula Andrea Miquelarena Hollger\n        <small>(Instituto de Ciencias Astron\u00f3micas, de la Tierra y del Espacio, (Consejo Nacional de Investigaciones Cient\u00edficas y T\u00e9cnicas &#8211; Universidad Nacional de San Juan))<\/small>\n    <\/li>\n    <li>\n        Pedro Cataldi\n        <small>(IAFE-CONICET-UBA)<\/small>\n    <\/li>\n    <li>\n        Rafael Pignata\n        <small>(OAC)<\/small>\n    <\/li>\n    <li>\n        Sebasti\u00e1n Nuza\n        <small>(IAFE)<\/small>\n    <\/li>\n    <li>\n        Selene Levis\n        <small>(Famaf)<\/small>\n    <\/li>\n    <li>\n        Sofia Alejandra Cora\n        <small>(IALP)<\/small>\n    <\/li>\n    <li>\n        Stavros Akras\n        <small>(Institute for Astronomy, Astrophysics, Space Applications and Remote Sensing \/ NOA)<\/small>\n    <\/li>\n    <li>\n        Susana Beatriz Araujo Furlan\n        <small>(Instituto Argentino de Radioastronomia)<\/small>\n    <\/li>\n    <li>\n        Susana Pedrosa\n        <small>(IAFE)<\/small>\n    <\/li>\n    <li>\n        Tali Palma\n        <small>(OAC-UNC)<\/small>\n    <\/li>\n    <li>\n        Tapia Martina\n        <small>(Famaf)<\/small>\n    <\/li>\n    <li>\n        Valeria Coenda\n        <small>(IATE-OAC)<\/small>\n    <\/li>\n    <li>\n        Valeria Cristiani\n        <small>(IATE-OAC)<\/small>\n    <\/li>\n    <li>\n        Vanesa Natalia Rivero\n        <small>(Astronom\u00eda)<\/small>\n    <\/li>\n    <li>\n        Victoria Santucho\n        <small>(Iate)<\/small>\n    <\/li>\n    <li>\n        Yamila Yaryura\n        <small>(IATE)<\/small>\n    <\/li>\n    <li>\n        Juan Cabral\n        <small>(CIFASIS-CONICET, IATE-OAC-CONICET)<\/small>\n    <\/li>\n    <li>\n        Walter Weidmann\n        <small>(OAC)<\/small>\n    <\/li>\n<\/ul>\n<div>\n    <small>Updated: 2021-04-23 20:44:42.794337<\/small>\n<\/div>\n","protected":false},"excerpt":{"rendered":"<p>Abril Sahade (IATE) Adriana Maria Gulisano (IAFE(UBA,-CONICET), IAA\/DNA, DF FCEN UBA) Agust\u00edn Rodr\u00edguez Medrano (IATE &#8211; FaMAF) Agust\u00edn Rost (IATE) Albert Santos (Federal University of Rio de Janeiro) Ana Elisa &hellip; <\/p>\n<p class=\"link-more\"><a href=\"http:\/\/fof.oac.uncor.edu\/2021\/participants\/\" class=\"more-link\">Continue reading<span class=\"screen-reader-text\"> &#8220;Participants&#8221;<\/span><\/a><\/p>\n","protected":false},"author":24,"featured_media":0,"parent":0,"menu_order":0,"comment_status":"closed","ping_status":"closed","template":"","meta":[],"_links":{"self":[{"href":"http:\/\/fof.oac.uncor.edu\/2021\/wp-json\/wp\/v2\/pages\/232"}],"collection":[{"href":"http:\/\/fof.oac.uncor.edu\/2021\/wp-json\/wp\/v2\/pages"}],"about":[{"href":"http:\/\/fof.oac.uncor.edu\/2021\/wp-json\/wp\/v2\/types\/page"}],"author":[{"embeddable":true,"href":"http:\/\/fof.oac.uncor.edu\/2021\/wp-json\/wp\/v2\/users\/24"}],"replies":[{"embeddable":true,"href":"http:\/\/fof.oac.uncor.edu\/2021\/wp-json\/wp\/v2\/comments?post=232"}],"version-history":[{"count":11,"href":"http:\/\/fof.oac.uncor.edu\/2021\/wp-json\/wp\/v2\/pages\/232\/revisions"}],"predecessor-version":[{"id":371,"href":"http:\/\/fof.oac.uncor.edu\/2021\/wp-json\/wp\/v2\/pages\/232\/revisions\/371"}],"wp:attachment":[{"href":"http:\/\/fof.oac.uncor.edu\/2021\/wp-json\/wp\/v2\/media?parent=232"}],"curies":[{"name":"wp","href":"https:\/\/api.w.org\/{rel}","templated":true}]}}