{"id":43,"date":"2019-06-11T19:03:28","date_gmt":"2019-06-11T22:03:28","guid":{"rendered":"http:\/\/fof.oac.uncor.edu\/2020\/?page_id=43"},"modified":"2022-04-18T12:43:31","modified_gmt":"2022-04-18T15:43:31","slug":"venue-and-accommodation","status":"publish","type":"page","link":"http:\/\/fof.oac.uncor.edu\/2022\/venue-and-accommodation\/","title":{"rendered":"Venue,  accommodation and  requirements"},"content":{"rendered":"\n<h2 class=\"wp-block-heading\">VENUE<\/h2>\n\n\n\n<p>Instituto de Astronom\u00eda Te\u00f3rica y Experimental (IATE) \u2013 Observatorio Astron\u00f3mico de C\u00f3rdoba (OAC)<\/p>\n\n\n\n<p><strong>The entrance to the observatory is on the street:<\/strong>\u00a0 San jos\u00e9 de calazans 600,  C\u00f3rdoba City,  C\u00f3rdoba Province,  Argentina.<br><a rel=\"noreferrer noopener\" href=\"https:\/\/www.google.com\/maps\/place\/San+Jos%C3%A9+de+Calasanz+600\/@-31.419759,-64.1991093,307m\/data=!3m2!1e3!4b1!4m5!1m2!2m1!1sObservatSan+jos%C3%A9+de+calazans+600!3m1!1s0x9432a27ef0575035:0x826625dd3fd602b0!5m1!1e1\" data-type=\"URL\" data-id=\"https:\/\/www.google.com\/maps\/place\/San+Jos%C3%A9+de+Calasanz+600\/@-31.419759,-64.1991093,307m\/data=!3m2!1e3!4b1!4m5!1m2!2m1!1sObservatSan+jos%C3%A9+de+calazans+600!3m1!1s0x9432a27ef0575035:0x826625dd3fd602b0!5m1!1e1\" target=\"_blank\">View Map<\/a><\/p>\n\n\n\n<hr class=\"wp-block-separator\" \/>\n\n\n\n<h1 class=\"wp-block-heading\">TRANSPORTATION FROM BUENOS AIRES TO C\u00d3RDOBA<\/h1>\n\n\n\n<p class=\"has-text-align-left\">(The information shown may be outdated, it is recommended to verify the details by consulting in each case )<\/p>\n\n\n\n<p>There are two airports in Buenos Aires. Aeropuerto Internacional Ezeiza \u201cMinistro Pistarini\u201d (EZE, generally called just Ezeiza, 30 km away from the capital, Buenos Aires); and airport Aeroparque Jorge Newbery (AEP, situated in Buenos Aires itself, at just minutes from downtown) which handles domestic flights.<\/p>\n\n\n\n<p>Due to COVID restrictions, there are no domestic flights from Ezeiza. Therefore you will need to change airport and go to catch other flights to Aeroparque. In order to do so, you can choose between Manuel Tienda Le\u00f3n shuttle services or take a taxi.<\/p>\n\n\n\n<p>Manuel Tienda Le\u00f3n offers different shuttle services from airport to airport.<br>Bus 10 USD <br>Remis (four-seater vehicle) 26-35 USD<br>Tickets can be purchased online or directly at the Ezeiza terminal.  Info in&nbsp;<a rel=\"noreferrer noopener\" href=\"http:\/\/www.tiendaleon.com\/\" target=\"_blank\">Manuel Tienda Le\u00f3n<\/a> .Another possibility is to take a black and yellow taxi outside the hall of the Ezeiza airport, this will cost you around 20 USD.<\/p>\n\n\n\n<h2 class=\"wp-block-heading\">ACCOMMODATION<\/h2>\n\n\n\n<p>The following lodgings are listed in order of distance from the Observatorio Astron\u00f3mico de C\u00f3rdoba. All of them satisfy good price\/quality relation for each type of lodging. The prices are approximate and refer to the cheapest room offered. There are a lot more lodgings available in C\u00f3rdoba city, we recommend staying in the closer neighbourhoods of Nueva C\u00f3rdoba, Centro and Alberdi in case you rent an apart or another lodging for reasons of security and transportation.<\/p>\n\n\n\n<p><strong>ALOHA Habemus Hostel<\/strong><br>12 USD\/night.<br><em><a href=\"http:\/\/www.alohahostel.com.ar\/\">http:\/\/www.alohahostel.com.ar\/<\/a><\/em><\/p>\n\n\n\n<p><strong>Tango Hostel<\/strong><br>18.5 USD\/night.<br><em><a href=\"http:\/\/tangohostel.com.ar\/\">http:\/\/tangohostel.com.ar\/<\/a><\/em><\/p>\n\n\n\n<p><strong>Kube Apartments<\/strong><br>32 USD\/night<br><em><a href=\"http:\/\/www.kubecordoba.com.ar\/\">http:\/\/www.kubecordoba.com.ar\/<\/a><\/em><\/p>\n\n\n\n<p><strong>Concord Rent Apart<\/strong><br>46 USD\/night.<br><em><a href=\"https:\/\/www.concordapart.com.ar\/\">https:\/\/www.concordapart.com.ar\/<\/a><\/em><\/p>\n\n\n\n<p><strong>Hotel de la Ca\u00f1ada<\/strong><br>50 USD\/night.<br><em><a href=\"http:\/\/hoteldelacaniada.com\/\">http:\/\/hoteldelacaniada.com<\/a><\/em><\/p>\n\n\n\n<p><strong>Casa Artigas Hostel<\/strong><br>https:\/\/casaartigas.arghotels.com\/<\/p>\n\n\n\n<p><strong>Coralt Aparts Montevideo<\/strong><br>37 USD\/night.<br><\/p>\n\n\n\n<p><strong>On Aparts<\/strong><br>44 USD\/night.<br><\/p>\n\n\n\n<p><strong>NH Cordoba Urbano Hotel<\/strong><br>59 USD\/night.<br><em><a href=\"https:\/\/www.nh-hotels.com\/hotel\/nh-cordoba-urbano\">https:\/\/www.nh-hotels.com\/hotel\/nh-cordoba-urbano<\/a><\/em><\/p>\n\n\n\n<p><strong>B 131 Apartments<\/strong><br>46 USD\/night.<br><em><a href=\"http:\/\/b131.com.ar\/\">http:\/\/b131.com.ar\/<\/a><\/em><\/p>\n\n\n\n<p><strong>531 Hostel<\/strong><br>10 USD\/night.<br><em><a href=\"https:\/\/booki.ng\/2BR3U8y\">https:\/\/booki.ng\/2BR3U8y<\/a><\/em><\/p>\n\n\n\n<p><strong>Hotel Sussex<\/strong><br>30 USD\/night.<br><em><a href=\"http:\/\/www.hotelsussexcba.com.ar\/\">http:\/\/www.hotelsussexcba.com.ar\/<\/a><\/em><\/p>\n\n\n\n<p><strong>Hotel Alto Parana<\/strong><br>23 USD\/night.<br><em><a href=\"http:\/\/altoparanahotel.com.ar\/es\/\">http:\/\/altoparanahotel.com.ar\/es\/<\/a><\/em><\/p>\n\n\n\n<p><strong>Hotel Viena<\/strong><br>39 USD\/night.<br><a href=\"http:\/\/www.hotelviena.com.ar\/\"><em>http:\/\/www.hotelviena.com.ar\/<\/em><\/a><\/p>\n\n\n\n<h2 class=\"wp-block-heading\"><strong>Requirements<\/strong><\/h2>\n\n\n\n<p><strong>Pursuant to Administrative Decision 63\/22, the requirements to enter the country&nbsp;&nbsp;FROM JANUARY 29, 2022 are as follows:<\/strong><\/p>\n\n\n\n<p>Argentine citizens and foreigners residing in Argentina<\/p>\n\n\n\n<p>&#8211;&nbsp;&nbsp;&nbsp;&nbsp;&nbsp;&nbsp; WHO ARE FULLY VACCINATED MUST<\/p>\n\n\n\n<p>1.&nbsp;&nbsp;&nbsp;&nbsp; Show a COVID-19 vaccination certificate evidencing that the passenger has fully completed their vaccination schedule at least 14 days before entering the country. The complete vaccination schedule shall be defined by the health authorities of the country where the passenger was vaccinated.<\/p>\n\n\n\n<p>2.&nbsp;&nbsp;&nbsp;&nbsp; Fill in the sworn statement found at&nbsp;<a rel=\"noreferrer noopener\" href=\"http:\/\/ddjj.migraciones.gob.ar\/app\/\" target=\"_blank\">http:\/\/ddjj.migraciones.gob.ar\/app\/<\/a> within 48 hours before the flight and, at check-in, show the voucher received by email upon completion of the sworn statement.<\/p>\n\n\n\n<p>3.&nbsp;&nbsp;&nbsp;&nbsp; Have with them the necessary certificates in order to comply with the requirements and show them to the transport operators whenever applicable or to the competent authorities at the point of entry or the place of stay, as requested during the first 14 days upon their arrival in the country.<\/p>\n\n\n\n<p>&#8211;&nbsp;&nbsp;&nbsp;&nbsp;&nbsp;&nbsp; WHO ARE NOT FULLY VACCINATED OR NOT VACCINATED MUST<\/p>\n\n\n\n<p>1.&nbsp;&nbsp;&nbsp;&nbsp; Have a negative PCR test certificate obtained in the country of origin no more than 72 hours before the start of the trip or a negative antigen test certificate obtained in the country of origin no more than 48 hours before the start of the trip. Children under the age of 6 are exempt from this requirement.<\/p>\n\n\n\n<p>\u00b7&nbsp;&nbsp;&nbsp;&nbsp;&nbsp; Passengers with a positive PCR or antigen test must show said test obtained in the country of origin and a physician\u2019s certificate of medical discharge issued more than 10 days after the date of the first symptom or the date of the positive test, as long as they are entering the country within 90 days of their positive diagnosis.<\/p>\n\n\n\n<p>\u00b7&nbsp;&nbsp;&nbsp;&nbsp;&nbsp; Passengers with a positive COVID-19 diagnosis due to close contact with a person with symptoms compatible with COVID-19 must submit a physician\u2019s certificate of medical discharge issued more than 10 days after the date of the first symptom or the date of the close contact, as long as they are entering the country within 90 days of their positive diagnosis.<\/p>\n\n\n\n<p>2.&nbsp;&nbsp;&nbsp;&nbsp; Mandatorily quarantine for 7 days from the day after they have the negative test done. Underage children are exempt from this requirement.<\/p>\n\n\n\n<p>3.&nbsp;&nbsp;&nbsp;&nbsp; Fill in the sworn statement found at&nbsp;<a href=\"http:\/\/ddjj.migraciones.gob.ar\/app\/\" target=\"_blank\" rel=\"noreferrer noopener\">http:\/\/ddjj.migraciones.gob.ar\/app\/<\/a>&nbsp;within 48 hours before the flight and, at check-in, show the voucher received by email upon completion of the sworn statement.<\/p>\n\n\n\n<p>4.&nbsp;&nbsp;&nbsp;&nbsp; Have with them the necessary certificates in order to comply with the requirements and show them to the transport operators whenever applicable or to the competent authorities at the point of entry or the place of stay, as requested during the first 14 days upon their arrival in the country.<\/p>\n\n\n\n<p>Foreigners or residents from neighboring countries who have remained at least the last 14 days in said neighboring countries must:<\/p>\n\n\n\n<p>1.&nbsp;&nbsp;&nbsp; Show a COVID-19 vaccination certificate evidencing that the passenger has fully completed their vaccination schedule at least 14 days before entering the country. The complete vaccination schedule shall be defined by the health authorities of the country where the passenger was vaccinated.<\/p>\n\n\n\n<p>2.&nbsp;&nbsp;&nbsp; Have a COVID-19 health insurance plan covering hospitalization, isolation and\/or medical transportation services for positive, suspicious or close contact cases.<\/p>\n\n\n\n<p>3.&nbsp;&nbsp;&nbsp; Fill in the sworn statement found at<a href=\"http:\/\/ddjj.migraciones.gob.ar\/app\/\" target=\"_blank\" rel=\"noreferrer noopener\">&nbsp;http:\/\/ddjj.migraciones.gob.ar\/app\/ <\/a>within 48 hours before the flight and, at check-in, show the voucher received by email upon completion of the sworn statement.<\/p>\n\n\n\n<p>4.&nbsp;&nbsp;&nbsp; Have with them the necessary certificates in order to comply with the requirements and show them to the transport operators whenever applicable or to the competent authorities at the point of entry or the place of stay, as requested during the first 14 days upon their arrival in the country.<\/p>\n\n\n\n<p>Foreigners or residents from neighboring countries who have remained less than 14 days in said neighboring countries andforeigners from other countries must:<\/p>\n\n\n\n<p>1.&nbsp;&nbsp;&nbsp; Show a COVID-19 vaccination certificate evidencing that the passenger has fully completed their vaccination schedule at least 14 days before entering the country. The complete vaccination schedule shall be defined by the health authorities of the country where the passenger was vaccinated.<\/p>\n\n\n\n<p>2.&nbsp;&nbsp;&nbsp; Have a negative PCR test certificate obtained in the country of origin no more than 72 hours before the start of the trip or a negative antigen test certificate obtained in the country of origin no more than 48 hours before the start of the trip. Children under the age of 6 are exempt from this requirement.<\/p>\n\n\n\n<p>\u00b7&nbsp;&nbsp;&nbsp;&nbsp;&nbsp;&nbsp; Passengers with a positive PCR or antigen test must show said test obtained in the country of origin and a physician\u2019s certificate of medical discharge issued more than 10 days after the date of the first symptom or the date of the positive test, as long as they are entering the country within 90 days of their positive diagnosis.<\/p>\n\n\n\n<p>\u00b7&nbsp;&nbsp;&nbsp;&nbsp;&nbsp;&nbsp; Passengers with a positive COVID-19 diagnosis due to close contact with a person with symptoms compatible with COVID-19 must show a physician\u2019s certificate of medical discharge issued more than 10 days after the date of the first symptom or the date of the close contact, when they enter the country within 90 days of their positive diagnosis.<\/p>\n\n\n\n<p>3.&nbsp;&nbsp;&nbsp;&nbsp; Have a COVID-19 health insurance plan covering hospitalization, isolation and\/or medical transportation services for positive, suspicious or close contact cases.<\/p>\n\n\n\n<p>4.&nbsp;&nbsp;&nbsp;&nbsp; Fill in the sworn statement found at&nbsp;<a href=\"http:\/\/ddjj.migraciones.gob.ar\/app\/\" target=\"_blank\" rel=\"noreferrer noopener\">http:\/\/ddjj.migraciones.gob.ar\/app\/<\/a> within 48 hours before the flight and, at check-in, show the voucher received by email upon completion of the sworn statement.<\/p>\n\n\n\n<p>5.&nbsp;&nbsp;&nbsp;&nbsp; Have with them the necessary certificates in order to comply with the requirements and show them to the transport operators whenever applicable or to the competent authorities at the point of entry or the place of stay, as requested during the first 14 days upon their arrival in the country.<\/p>\n\n\n\n<p><strong>IMPORTANT INFORMATION: All persons wishing to enter C\u00f3rdoba must:<\/strong><\/p>\n\n\n\n<p>Have a mobility certificate (&#8220;Certificado \u00danico Habilitante para Circulaci\u00f3n &#8211; Emergencia COVID-19&#8221;)  &nbsp;&nbsp;<a rel=\"noreferrer noopener\" href=\"https:\/\/www.argentina.gob.ar\/circular\/tramite\" target=\"_blank\">https:\/\/www.argentina.gob.ar\/circular\/tramite<\/a>  and\/or display the permit issued by the &#8220;CUIDAR&#8221; or &#8220;Mi Argentina&#8221; application on your mobile device.<\/p>\n","protected":false},"excerpt":{"rendered":"<p>VENUE Instituto de Astronom\u00eda Te\u00f3rica y Experimental (IATE) \u2013 Observatorio Astron\u00f3mico de C\u00f3rdoba (OAC) The entrance to the observatory is on the street:\u00a0 San jos\u00e9 de calazans 600, C\u00f3rdoba City, &hellip; <\/p>\n<p class=\"link-more\"><a href=\"http:\/\/fof.oac.uncor.edu\/2022\/venue-and-accommodation\/\" class=\"more-link\">Continue reading<span class=\"screen-reader-text\"> &#8220;Venue,  accommodation and  requirements&#8221;<\/span><\/a><\/p>\n","protected":false},"author":13,"featured_media":0,"parent":0,"menu_order":0,"comment_status":"closed","ping_status":"closed","template":"","meta":[],"_links":{"self":[{"href":"http:\/\/fof.oac.uncor.edu\/2022\/wp-json\/wp\/v2\/pages\/43"}],"collection":[{"href":"http:\/\/fof.oac.uncor.edu\/2022\/wp-json\/wp\/v2\/pages"}],"about":[{"href":"http:\/\/fof.oac.uncor.edu\/2022\/wp-json\/wp\/v2\/types\/page"}],"author":[{"embeddable":true,"href":"http:\/\/fof.oac.uncor.edu\/2022\/wp-json\/wp\/v2\/users\/13"}],"replies":[{"embeddable":true,"href":"http:\/\/fof.oac.uncor.edu\/2022\/wp-json\/wp\/v2\/comments?post=43"}],"version-history":[{"count":11,"href":"http:\/\/fof.oac.uncor.edu\/2022\/wp-json\/wp\/v2\/pages\/43\/revisions"}],"predecessor-version":[{"id":1773,"href":"http:\/\/fof.oac.uncor.edu\/2022\/wp-json\/wp\/v2\/pages\/43\/revisions\/1773"}],"wp:attachment":[{"href":"http:\/\/fof.oac.uncor.edu\/2022\/wp-json\/wp\/v2\/media?parent=43"}],"curies":[{"name":"wp","href":"https:\/\/api.w.org\/{rel}","templated":true}]}}