{"id":84,"date":"2019-06-12T00:40:58","date_gmt":"2019-06-12T03:40:58","guid":{"rendered":"http:\/\/fof.oac.uncor.edu\/2020\/?page_id=84"},"modified":"2022-04-10T23:39:00","modified_gmt":"2022-04-11T02:39:00","slug":"invited-speakers","status":"publish","type":"page","link":"http:\/\/fof.oac.uncor.edu\/2022\/invited-speakers\/","title":{"rendered":"Invited speakers"},"content":{"rendered":"\n<p class=\"has-medium-font-size\"><strong><em>KEYNOTE TALKS<\/em><\/strong><\/p>\n\n\n\n<figure class=\"wp-block-table\"><table class=\"has-fixed-layout\"><thead><tr><th><strong>Name<\/strong><\/th><th><strong>Affiliation<\/strong><\/th><th><strong>Area of expertise<\/strong><\/th><\/tr><\/thead><tbody><tr><td><span class=\"has-inline-color has-vivid-green-cyan-color\">Dr Antonio Montero Dorta<\/span><\/td><td>Universidad T\u00e9cnica Federico Santa Mar\u00eda (UTFSM, Chile)<\/td><td> Halo-galaxy connection.<\/td><\/tr><tr><td><span class=\"has-inline-color has-luminous-vivid-orange-color\">Dr Mariana Penna Lima Vitenti<\/span><\/td><td>Instituto de F\u00edsica, Universidade de Bras\u00edlia (UnB)<\/td><td>Cosmology<\/td><\/tr><tr><td><span class=\"has-inline-color has-vivid-green-cyan-color\">Dr Elizabeth Artur de la Villarmois<\/span><\/td><td>Instituto de Astrof\u00edsica, Pontificia Universidad Cat\u00f3lica de Chile<\/td><td>Astrochemistry and Star and Planet formation<\/td><\/tr><tr><td><span class=\"has-inline-color has-luminous-vivid-orange-color\">Dr Miriam del Carmen Pe\u00f1a C\u00e1rdenas<\/span><\/td><td>Instituto de Astronom\u00eda, Universidad Nacional Aut\u00f3noma de M\u00e9xico<\/td><td>Physics of the Interstellar Medium <br>Abundances of photoionized regions (HII regions and PNe)<\/td><\/tr><tr><td><span class=\"has-inline-color has-vivid-green-cyan-color\">Dr Patricia Tissera<\/span><\/td><td>Institute of Astrophysics &amp; Center for Astro-Engineering, Pontificia Universidad Cat\u00f3lica de Chile<\/td><td>Computational galaxy formation and evolution<\/td><\/tr><tr><td><span class=\"has-inline-color has-luminous-vivid-orange-color\">MSc. Jose Benavides Blanco<\/span><\/td><td>Instituto de Astronom\u00eda Te\u00f3rica y Experimental &amp;<br>Observatorio Astron\u00f3mico de C\u00f3rdoba.<\/td><td>Properties and evolution of galaxies and galaxy groups<\/td><\/tr><tr><td><span class=\"has-inline-color has-vivid-green-cyan-color\">Dr Gaspar Galaz<\/span><\/td><td>Pontificia Universidad Cat\u00f3lica de Chile<\/td><td>Simulations of giant low surface brightness galaxies<\/td><\/tr><tr><td><span class=\"has-inline-color has-luminous-vivid-orange-color\">Dr Thiago Signorini Gon\u00e7alves<\/span><\/td><td>Valongo Observatory, Federal University of Rio de Janeiro<\/td><td>Extragalactic Astrophysics, Astronomical Instrumentation<\/td><\/tr><tr><td><span class=\"has-inline-color has-vivid-green-cyan-color\">Dr Kar\u00edn Men\u00e9ndez-Delmestre<\/span><\/td><td>Observat\u00f3rio do Valongo, <br>Universidade Federal do Rio de Janeiro (UFRJ)<\/td><td>Nearby galaxies \u2014 insights into galaxy evolution<\/td><\/tr><tr><td><span class=\"has-inline-color has-luminous-vivid-orange-color\">Dr Celeste Artale<\/span><\/td><td>Physics and Astronomy Department Galileo Galilei, University of Padova, Italy<\/td><td>Gravitational Wave Astrophysics. Galaxy Formation and Evolution<\/td><\/tr><tr><td><span class=\"has-inline-color has-vivid-green-cyan-color\">Dr Marcelo M. Miller Bertolami<\/span><\/td><td>&nbsp;Instituto de Astrof\u00edsica de La Plata<\/td><td>Central Stars of Planetary Nebulae. Stellar Evolution<\/td><\/tr><tr><td><span class=\"has-inline-color has-luminous-vivid-orange-color\">Dr Vladimir Avila-Reese<\/span><\/td><td>Instituto de Astronom\u00eda, UNAM<\/td><td>Reconstructing the Life History of Galaxy Populations from the MaNGA\/SDSS-IV survey<\/td><\/tr><\/tbody><\/table><\/figure>\n\n\n\n<p class=\"has-medium-font-size\"><strong><em>HANDS-ON SESSIONS<\/em><\/strong><\/p>\n\n\n\n<figure class=\"wp-block-table\"><table class=\"has-fixed-layout\"><thead><tr><th><strong>Name<\/strong><\/th><th><strong>Affiliation<\/strong><\/th><th><strong>Topic of the session<\/strong><\/th><\/tr><\/thead><tbody><tr><td><span class=\"has-inline-color has-luminous-vivid-orange-color\">Dr Priya Hasan<\/span><\/td><td>Maulana Azad National Urdu University, Hyderabad, India<\/td><td>Astronomy toolkit 1.0<\/td><\/tr><tr><td><span class=\"has-inline-color has-vivid-green-cyan-color\">Dr Ignacio Araya, <br>Dr Nelson Padilla,<br>Dr Marcelo Rubio,<br>Dr Juan Maga\u00f1a,<br>MSc Joaqu\u00edn Sureda<\/span><\/td><td><\/td><td>Primordial Black Holes<\/td><\/tr><tr><td><span class=\"has-inline-color has-luminous-vivid-orange-color\">Dr Marcelo Lares<\/span><\/td><td>IATE &#8211; OAC, C\u00f3rdoba, Argentina<\/td><td>Data Analytics<\/td><\/tr><tr><td><span class=\"has-inline-color has-vivid-green-cyan-color\">Lic Marcos Mazzini <\/span><\/td><td>IFEG &#8211; UNC, C\u00f3rdoba, Argentina<\/td><td>CCAD<\/td><\/tr><tr><td><span class=\"has-inline-color has-luminous-vivid-orange-color\">Dr Cl\u00e1udio Filipe Vieira Gomes<\/span><\/td><td>&nbsp;University of the Azores &amp; CF-UM-UP<\/td><td>Gravitational Waves<\/td><\/tr><tr><td><span class=\"has-inline-color has-vivid-green-cyan-color\">Dr Mart\u00edn Makler<\/span><\/td><td><\/td><td>Strong Lensing\/Microlensing Modelling<\/td><\/tr><tr><td><span class=\"has-inline-color has-luminous-vivid-orange-color\">Dr Mariano Dominguez,<br>Dr Federica Bianco,<br>Dr Rachel Street,<br>Dr Bruno Sanchez, <br>Rodolfo Angeloni<\/span><\/td><td>IATE &#8211; OAC, <br>&nbsp;University of Delaware, <br>Las Cumbres Observatory,<br>Duke University,<br>Universidad de la Serena,<\/td><td>Time Domain Astronomy<\/td><\/tr><\/tbody><\/table><\/figure>\n\n\n\n<figure class=\"wp-block-image size-full\"><img decoding=\"async\" loading=\"lazy\" width=\"640\" height=\"417\" src=\"http:\/\/fof.oac.uncor.edu\/2022\/wp-content\/uploads\/sites\/6\/2021\/09\/under_construction-2.png\" alt=\"\" class=\"wp-image-457\" srcset=\"http:\/\/fof.oac.uncor.edu\/2022\/wp-content\/uploads\/sites\/6\/2021\/09\/under_construction-2.png 640w, http:\/\/fof.oac.uncor.edu\/2022\/wp-content\/uploads\/sites\/6\/2021\/09\/under_construction-2-300x195.png 300w\" sizes=\"(max-width: 640px) 100vw, 640px\" \/><\/figure>\n","protected":false},"excerpt":{"rendered":"<p>KEYNOTE TALKS Name Affiliation Area of expertise Dr Antonio Montero Dorta Universidad T\u00e9cnica Federico Santa Mar\u00eda (UTFSM, Chile) Halo-galaxy connection. Dr Mariana Penna Lima Vitenti Instituto de F\u00edsica, Universidade de &hellip; <\/p>\n<p class=\"link-more\"><a href=\"http:\/\/fof.oac.uncor.edu\/2022\/invited-speakers\/\" class=\"more-link\">Continue reading<span class=\"screen-reader-text\"> &#8220;Invited speakers&#8221;<\/span><\/a><\/p>\n","protected":false},"author":13,"featured_media":0,"parent":0,"menu_order":0,"comment_status":"closed","ping_status":"closed","template":"","meta":[],"_links":{"self":[{"href":"http:\/\/fof.oac.uncor.edu\/2022\/wp-json\/wp\/v2\/pages\/84"}],"collection":[{"href":"http:\/\/fof.oac.uncor.edu\/2022\/wp-json\/wp\/v2\/pages"}],"about":[{"href":"http:\/\/fof.oac.uncor.edu\/2022\/wp-json\/wp\/v2\/types\/page"}],"author":[{"embeddable":true,"href":"http:\/\/fof.oac.uncor.edu\/2022\/wp-json\/wp\/v2\/users\/13"}],"replies":[{"embeddable":true,"href":"http:\/\/fof.oac.uncor.edu\/2022\/wp-json\/wp\/v2\/comments?post=84"}],"version-history":[{"count":38,"href":"http:\/\/fof.oac.uncor.edu\/2022\/wp-json\/wp\/v2\/pages\/84\/revisions"}],"predecessor-version":[{"id":1817,"href":"http:\/\/fof.oac.uncor.edu\/2022\/wp-json\/wp\/v2\/pages\/84\/revisions\/1817"}],"wp:attachment":[{"href":"http:\/\/fof.oac.uncor.edu\/2022\/wp-json\/wp\/v2\/media?parent=84"}],"curies":[{"name":"wp","href":"https:\/\/api.w.org\/{rel}","templated":true}]}}