{"id":11,"date":"2019-06-05T13:30:22","date_gmt":"2019-06-05T16:30:22","guid":{"rendered":"http:\/\/fof.oac.uncor.edu\/2020\/?page_id=2"},"modified":"2023-04-05T14:38:36","modified_gmt":"2023-04-05T17:38:36","slug":"fof-2022","status":"publish","type":"page","link":"http:\/\/fof.oac.uncor.edu\/2023\/","title":{"rendered":"FOF 2023"},"content":{"rendered":"\n<figure class=\"wp-block-image size-large\"><img decoding=\"async\" loading=\"lazy\" width=\"1024\" height=\"488\" src=\"http:\/\/fof.oac.uncor.edu\/2023\/wp-content\/uploads\/sites\/9\/2022\/12\/logoV1-2-1024x488.jpg\" alt=\"\" class=\"wp-image-1934\" srcset=\"http:\/\/fof.oac.uncor.edu\/2023\/wp-content\/uploads\/sites\/9\/2022\/12\/logoV1-2-1024x488.jpg 1024w, http:\/\/fof.oac.uncor.edu\/2023\/wp-content\/uploads\/sites\/9\/2022\/12\/logoV1-2-300x143.jpg 300w, http:\/\/fof.oac.uncor.edu\/2023\/wp-content\/uploads\/sites\/9\/2022\/12\/logoV1-2-768x366.jpg 768w, http:\/\/fof.oac.uncor.edu\/2023\/wp-content\/uploads\/sites\/9\/2022\/12\/logoV1-2.jpg 1258w\" sizes=\"(max-width: 767px) 89vw, (max-width: 1000px) 54vw, (max-width: 1071px) 543px, 580px\" \/><\/figure>\n\n\n\n<pre class=\"wp-block-code\"><code>&nbsp;&nbsp;&nbsp;&nbsp;&nbsp;&nbsp;&nbsp;&nbsp;&nbsp;&nbsp;&nbsp;&nbsp;&nbsp;&nbsp;&nbsp;&nbsp;&nbsp;&nbsp;&nbsp;&nbsp;&nbsp;&nbsp;&nbsp;&nbsp;&nbsp;&nbsp;&nbsp;&nbsp;&nbsp;&nbsp;&nbsp;&nbsp;&nbsp;\n<\/code><\/pre>\n\n\n\n<p class=\"has-text-align-center has-medium-font-size\"><strong>April 10 to April 14 of 2023<\/strong><\/p>\n\n\n\n<p class=\"has-text-align-center has-medium-font-size\"><strong>XII Friends of Friends Meeting<\/strong><br><strong>Linking astronomy and friends in C\u00f3rdoba<\/strong><\/p>\n\n\n\n<div class=\"wp-block-group is-layout-flow\"><div class=\"wp-block-group__inner-container\">\n<div class=\"wp-block-columns is-layout-flex wp-container-7\">\n<div class=\"wp-block-column is-vertically-aligned-top is-layout-flow\" style=\"flex-basis:100%\">\n<div class=\"wp-block-buttons is-horizontal is-content-justification-center is-layout-flex wp-container-1\"><\/div>\n<\/div>\n\n\n\n<div class=\"wp-block-column is-layout-flow\">\n<div class=\"wp-block-buttons is-layout-flex\"><\/div>\n<\/div>\n\n\n\n<div class=\"wp-block-column is-vertically-aligned-top is-layout-flow\" style=\"flex-basis:100%\">\n<div class=\"wp-block-buttons is-horizontal is-content-justification-center is-layout-flex wp-container-5\"><\/div>\n<\/div>\n<\/div>\n<\/div><\/div>\n\n\n\n<p>The Friends of Friends is a yearly international meeting that gathers researchers&nbsp;from several countries&nbsp;around the world with the&nbsp;purpose of&nbsp;fostering&nbsp;interactions&nbsp;with local researchers and promoting the creation of new collaboration networks.<\/p>\n\n\n\n<p>The meeting is organized jointly by the&nbsp;Instituto de Astronom\u00eda Te\u00f3rica y Experimental (IATE)&nbsp;and the&nbsp;Observatorio Astron\u00f3mico de la Universidad Nacional<br>de C\u00f3rdoba (OAC). The event encourages the strong participation of researchers and doctoral students from the local community. The main topics are astrophysical plasmas,&nbsp;cosmology, large scale structure, extragalactic astronomy, stellar astrophysics and planetary systems. The official language of the meeting is English.<\/p>\n\n\n\n<p>The main purpose of this meeting is to strengthen existing collaborations and to encourage the interaction between recognized researchers and students, postdocs and local researchers. Also, it aims at promoting the creation of new collaboration networks, exposing the works of local researchers in an international environment, updating the knowledge on the topics presented at the meeting and bringing new research topics and projects to students. The organization of all the activities are oriented to encourage the development of new initiatives with local and visiting participants.&nbsp; Previous editions of this meeting have produced successful collaboration networks to generate observational and theoretical projects.<\/p>\n\n\n\n<p>The organized activities of the FoF meeting generate a friendly environment that promotes interactions between researchers, and include plenary talks, contributed talks and posters, discussing groups and hand-on sessions. Also, the introduction of new \u201cfriends\u201d to the collaboration networks allows the inclusion of new approaches, data sources or theoretical tools to ongoing projects.<\/p>\n\n\n\n<p>The talks are oriented to a professional audience and promote the discussions of the state of the art of hot topics within the areas of expertise of the organizing institutions research departments and of the participants from other countries. Also, special sessions are organized in order to help students and young researchers to initiate new subjects or to develop skills and use modern tools.<\/p>\n\n\n\n<div class=\"wp-block-columns is-layout-flex wp-container-11\">\n<div class=\"wp-block-column is-vertically-aligned-center is-layout-flow\">\n<figure class=\"wp-block-image size-full\"><img decoding=\"async\" loading=\"lazy\" width=\"394\" height=\"72\" src=\"http:\/\/fof.oac.uncor.edu\/2023\/wp-content\/uploads\/sites\/9\/2021\/09\/logo_oac_unc_blanco.png\" alt=\"\" class=\"wp-image-467\" srcset=\"http:\/\/fof.oac.uncor.edu\/2023\/wp-content\/uploads\/sites\/9\/2021\/09\/logo_oac_unc_blanco.png 394w, http:\/\/fof.oac.uncor.edu\/2023\/wp-content\/uploads\/sites\/9\/2021\/09\/logo_oac_unc_blanco-300x55.png 300w\" sizes=\"(max-width: 394px) 100vw, 394px\" \/><\/figure>\n<\/div>\n\n\n\n<div class=\"wp-block-column is-layout-flow\">\n<figure class=\"wp-block-image size-full is-resized\"><img decoding=\"async\" loading=\"lazy\" src=\"http:\/\/fof.oac.uncor.edu\/2023\/wp-content\/uploads\/sites\/9\/2023\/04\/IATE-01BW.png\" alt=\"logo iate en blanco\" class=\"wp-image-2118\" width=\"725\" height=\"294\" srcset=\"http:\/\/fof.oac.uncor.edu\/2023\/wp-content\/uploads\/sites\/9\/2023\/04\/IATE-01BW.png 966w, http:\/\/fof.oac.uncor.edu\/2023\/wp-content\/uploads\/sites\/9\/2023\/04\/IATE-01BW-300x122.png 300w, http:\/\/fof.oac.uncor.edu\/2023\/wp-content\/uploads\/sites\/9\/2023\/04\/IATE-01BW-768x312.png 768w\" sizes=\"(max-width: 725px) 100vw, 725px\" \/><\/figure>\n<\/div>\n<\/div>\n\n\n\n<div class=\"wp-block-columns is-layout-flex wp-container-15\">\n<div class=\"wp-block-column is-layout-flow\"><\/div>\n\n\n\n<div class=\"wp-block-column is-layout-flow\">\n<figure class=\"wp-block-image size-full\"><img decoding=\"async\" loading=\"lazy\" width=\"221\" height=\"228\" src=\"http:\/\/fof.oac.uncor.edu\/2023\/wp-content\/uploads\/sites\/9\/2022\/03\/aaa.jpeg\" alt=\"\" class=\"wp-image-1322\"\/><\/figure>\n<\/div>\n\n\n\n<div class=\"wp-block-column is-layout-flow\"><\/div>\n<\/div>\n\n\n\n<!--<a href=\"https:\/\/discord.com\" title=\"Discord-FoF-2022\" style=\"margin: 0;text-align: left\"><img decoding=\"async\" src=\"https:\/\/www.freepnglogos.com\/uploads\/discord-logo-png\/discord-icon-your-gaming-dude-rsps-wow-minecraft-and-maplestory-2.png\" alt=\"discord icon your gaming dude rsps wow minecraft and maplestory\" width=\"90\"><\/a>  -->\n","protected":false},"excerpt":{"rendered":"<p>April 10 to April 14 of 2023 XII Friends of Friends MeetingLinking astronomy and friends in C\u00f3rdoba The Friends of Friends is a yearly international meeting that gathers researchers&nbsp;from several &hellip; <\/p>\n<p class=\"link-more\"><a href=\"http:\/\/fof.oac.uncor.edu\/2023\/\" class=\"more-link\">Continue reading<span class=\"screen-reader-text\"> &#8220;FOF 2023&#8221;<\/span><\/a><\/p>\n","protected":false},"author":30,"featured_media":0,"parent":0,"menu_order":0,"comment_status":"closed","ping_status":"closed","template":"","meta":{"_EventAllDay":false,"_EventTimezone":"","_EventStartDate":"","_EventEndDate":"","_EventStartDateUTC":"","_EventEndDateUTC":"","_EventShowMap":false,"_EventShowMapLink":false,"_EventURL":"","_EventCost":"","_EventCostDescription":"","_EventCurrencySymbol":"","_EventCurrencyCode":"","_EventCurrencyPosition":"","_EventDateTimeSeparator":"","_EventTimeRangeSeparator":"","_EventOrganizerID":[],"_EventVenueID":0,"_OrganizerEmail":"","_OrganizerPhone":"","_OrganizerWebsite":"","_VenueAddress":"","_VenueCity":"","_VenueCountry":"","_VenueProvince":"","_VenueZip":"","_VenuePhone":"","_VenueURL":"","_VenueStateProvince":"","_VenueLat":"","_VenueLng":""},"_links":{"self":[{"href":"http:\/\/fof.oac.uncor.edu\/2023\/wp-json\/wp\/v2\/pages\/11"}],"collection":[{"href":"http:\/\/fof.oac.uncor.edu\/2023\/wp-json\/wp\/v2\/pages"}],"about":[{"href":"http:\/\/fof.oac.uncor.edu\/2023\/wp-json\/wp\/v2\/types\/page"}],"author":[{"embeddable":true,"href":"http:\/\/fof.oac.uncor.edu\/2023\/wp-json\/wp\/v2\/users\/30"}],"replies":[{"embeddable":true,"href":"http:\/\/fof.oac.uncor.edu\/2023\/wp-json\/wp\/v2\/comments?post=11"}],"version-history":[{"count":249,"href":"http:\/\/fof.oac.uncor.edu\/2023\/wp-json\/wp\/v2\/pages\/11\/revisions"}],"predecessor-version":[{"id":2121,"href":"http:\/\/fof.oac.uncor.edu\/2023\/wp-json\/wp\/v2\/pages\/11\/revisions\/2121"}],"wp:attachment":[{"href":"http:\/\/fof.oac.uncor.edu\/2023\/wp-json\/wp\/v2\/media?parent=11"}],"curies":[{"name":"wp","href":"https:\/\/api.w.org\/{rel}","templated":true}]}}