{"id":232,"date":"2020-02-10T16:38:53","date_gmt":"2020-02-10T19:38:53","guid":{"rendered":"http:\/\/fof.oac.uncor.edu\/2020\/?page_id=232"},"modified":"2023-04-12T14:32:42","modified_gmt":"2023-04-12T17:32:42","slug":"participants","status":"publish","type":"page","link":"http:\/\/fof.oac.uncor.edu\/2023\/participants\/","title":{"rendered":"Participants"},"content":{"rendered":"\n<div class=\"wp-block-columns is-layout-flex wp-container-3\">\n<div class=\"wp-block-column is-layout-flow\" style=\"flex-basis:30%\">\n<p class=\"has-small-font-size\">Aguero, Maria Paz<br>Ahumada ,Javier<br>Ahumada, Andrea Ver\u00f3nica<br>Aidelman, Yael Judith<br>Alacoria, Jose<br>Alfaro, Germ\u00e1n<br>Amor\u00edn, Ricardo<br>Araudo, Anabella<br>Araujo Furlan, Susana Beatriz<br>Arias Callejas, Veronica<br>Bandeo Florencia<br>Baracchi, Marcos Adrian Josue<br>Baravalle, Laura<br>Baume, Gustavo<br>Benavides Blanco, Jose<br>Bertolotto, Rafael<br>Cabrera, Mauro<br>Camperi, Javier<br>Casanueva, Villarreal ,Catalina<br>Caso, Juan Pablo<br>Ceccarelli, Maria Laura<br>C\u00e9cere, Mariana<br>Cena, Federico Ariel<br>Cerdosino, Candela<br>Cerioni, Mat\u00edas<br>Chavero, Carolina<br>Chirino Aponte, Karlis Alejandra<br>Colazo, Milagros<br>Colazo, Patricio<br>Colazo, Agustina del Valle<br>Collado, Ana Elisa<br>Collazo, Santiago<br>Contreras Gomez, Sophie Daniella<br>Correa, Renzo<br>Cristiani, Valeria<br>David, C. Merlo<br>D\u00e1vila, Kurb\u00e1n Federico<br>Daza, Perilla Ingrid Vanessa<br>Dom\u00ednguez, Bruno<br>Donoso, Laura<br>Durrant, Anna<br>Escudero, Carlos<br>Faifer, Favio Ra\u00fal<br>Fari\u00f1a Cecilia<br>Feinstein, Carlos<br>Fern\u00e1ndez-Trincado, Jos\u00e9 G.<br>Ferrero, Leticia V.<br>Firpo, Ver\u00f3nica<br>Fortier, Andrea<br>Gramajo, Luciana Veronica<br>Garavito,-Camargo Nicol\u00e1s<br>Garc\u00eda, Luciano H\u00e9ctor<br>Garc\u00eda, Ana Laura<br>Garcia, Jacobo Octavio<br>Gaspar, Gaia<br>Georgina, Coldwell<br>Gianuzzi, Emmanuel<br>G\u00f3mez, Facundo A.<br>Gonz\u00e1lez, Eric Pablo Antonio<br>Gonz\u00e1lez, Sim\u00f3n<br>Gonz\u00e1lez, Guevara Carla Agustina<br>Gonz\u00e1lez, Jara Jenny Alejandra<br>Granada, Anahi<br>Granato, Gian Luigi<br>Guilera, Octavio<br>Gunthardt, Guillermo<br>Guti\u00e9rrez, Soto Luis Angel<br>Horak, Jiri<br>Horta, Daniel<br>Jofr\u00e9, Emiliano<br>Kozameh, Nicolas Augusto<br>Krilich, Tomas<br>Leiva, Alejandro Mart\u00edn<br>Levis, Selene<br>Martinez, Cintia Fernanda<br>Martinez, Bezoky Alejandra<br>Mateu ,Cecilia<br>Miller, Bertolami Marcelo Miguel<br>Miquelarena ,Hollger Paula A.<br>Monachesi, Antonela<br>Montero Dorta, Antonio David<br>Moyano, Martin<br>O&#8217;Mill, Ana Laura<br>Padilla, Nelson David<br>Pallero, Diego<br>Palma, Tali<br>Pan, Rivero Nicolas<br>Panei, Jorge Alejandro<br>Parisi, Celeste<br>Paz ,Dante<br>Pe\u00f1a, Miriam<br>Pereyra, Mariana<br>Pereyra, Luis<br>Perez, Noelia Roc\u00edo<br>Petrucci, Romina<br>Pignata, Rafael<br>Racker, Juan Diego<br>Ragone, Figueroa Cinthia<br>Ramirez, Marcos<br>Rapoport, Juana<br>Reynaldi, Victoria<br>Rodriguez, Facundo<br>Rodriguez, Mar\u00eda Eugenia<br>Rodr\u00edguez Buss, Catalina<br>Rodr\u00edguez Kamenetzky, Adriana <br>Rodriguez Moncada, Silvio R.<br>Rodr\u00edguez-Medrano, Agust\u00edn<br>Ronco, Mar\u00eda Paula<br>Rouse, Benedict<br>Ruiz, Andr\u00e9s Nicol\u00e1s<br>Saavedra, Olmedo Marilyn Mabel<br>Saffe, Carlos<br>Sahade, Abril<br>Salerno, Juan Manuel<br>Sc\u00f3ccola, Claudia Graciela<br>Sega, Neuman Daniel David<br>Sesto, Leandro<br>Simondi, Romero Federico Oscar<br>Slone, Oren<br>Stasyszyn, Federico<br>Stauber, Daniela<br>Stoppacher, Doris<br>Tapia-Reina, Martina<br>Taverna, Antonela<br>Tr\u00f3golo, Nair<br>Valotto, Carlos<br>Vega, Neme Luis<br>Villarreal, Carolina<br>Volpe, maria gabriela<br>Weidmann, Walter<br>Yaryura, Yamila<br>Zandivarez, Ariel<br>Zoppetti, Federico<br>Zuloaga, Camila<br>Zurbriggen, Ernesto<\/p>\n<\/div>\n\n\n\n<div class=\"wp-block-column is-layout-flow\">\n<p class=\"has-small-font-size\">Observatorio Astron\u00f3mico de la Universidad Nacional de C\u00f3rdoba<br>Observatorio Astron\u00f3mico de la Universidad Nacional de C\u00f3rdoba<br>Observatorio Astron\u00f3mico de la Universidad Nacional de C\u00f3rdoba<br>Instituto de Astrof\u00edsica de La Plata (CONICET &#8211; UNLP)<br>ICATE<br>IATE<br>Universidad de La Serena, Chile<br>Extreme Light Infrastructure ERIC, ELI Beamlines Facility<br>Instituto Argentino de Radioastronom\u00eda &#8211; CONICET, OAC &#8211; FAMAF &#8211; UNC<br>Universidad Nacional de Colombia<br>Famaf<br>Observatorio Astron\u00f3mico de C\u00f3rdoba<br>IATE<br>FCAG (UNLP) &#8211; IALP (Conicet-UNLP)<br> University of California, Riverside, Physics &amp; Astronomy Department<br>Departamento de Astronom\u00eda, Facultad de Ciencias<br>Universidad de la Rep\u00fablica, Facultad de Ciencias.<br>OAC<br>Pontificia Universidad Cat\u00f3lica de Chile<br>Instituto de Astrof\u00edsica de La Plata  and FCAG &#8211; UNLP<br>IATE -OAC<br>IATE (CONICET\/UNC) &#8211; OAC (UNC)<br>OAC-UNC<br>IATE<br>Observatorio Astron\u00f3mico de C\u00f3rdoba &#8211; IATE<br>OAC-CONICET<br>UNC<br> IATE<br>IATE<br>Facultad de Matem\u00e1tica Astronom\u00eda F\u00edsica y Computaci\u00f3n<br>ICATE-UNSJ-CONICET<br>Facultad de Ciencias Astron\u00f3micas y Geof\u00edsicas de La Plata<br>FaMAF<br>Universidad Tecnologica Nacional C\u00f3rdoba<br>IATE<br>Observatorio Astron\u00f3mico (UNC)<br>IATE<br>Instituto de Astronom\u00eda Te\u00f3rica y Experimental (IATE)<br>Universidad de la Rep\u00fablica<br>ICATE<br>Instituto de Astronom\u00eda Te\u00f3rica y Experimental (IATE)<br>Instituto de Astrof\u00edsica de La Plata (CONICET-UNLP)<br>Instituto de Astrof\u00edsica de La Plata<br>Isaac Newton Group of Telescopes<br>FCAG-UNLP\/IALP-Conicet<br>Universidad Cat\u00f3lica del Norte, Chile<br>OAC &#8211; UNC<br>Gemini Observatory- NOIRLab<br>University of Bern<br>Observatorio Astronomico de C\u00f3rdoba (UNC) \/ CONICET<br>Flatiron Institute, United States<br>Observatorio Astron\u00f3mico, Universidad Nacional de C\u00f3rdoba<br>OAC<br>Famaf<br>Observatorio Astronomico de Cordoba<br>GAE FCEFyN-UNSJ<br>IATE &#8211; CONICET<br>Universidad de La Serena, Chile<br>UNSJ<br>Universidad Nacional de San Juan<br>Facultad de Ciencias Exactas, F\u00edsicas y Naturales, U. N. de San Juan<br>Pontificia Universidad Cat\u00f3lica de Chile<br>Universidad Nacional de Rio Negro.<br> Astronomical Observatory of Trieste, Italy<br>Instituto de Astrof\u00edsica de La Plata<br>Observatorio Astron\u00f3mico de C\u00f3rdoba &#8211; UNC<br>Instituto de Astrof\u00edsica de La Plata<br>Astronomical Institute, Czech Republic<br>Flatiron Institute<br>OAC\/CONICET<br>IATE<br>OAC-unc<br>Observatorio Astron\u00f3mico de C\u00f3rdoba<br>IATE<br>Instituto de Astronom\u00eda y F\u00edsica del Espacio &#8211; IAFE<br>IATE<br>Universidad de la Rep\u00fablica, Uruguay<br>Instituto de Astrof\u00edsica de La Plata<br>ICATE-CONICET<br>Universidad de La Serena<br>Universidad Tecnica Federico Santa Maria (USM)<br>Universidad Nacional de Cordoba<br>IATE-CONICET<br>IATE\/OAC<br>Pontificia Universidad Cat\u00f3lica de Chile<br>OAC-UNC<br>Facultad de Ciencias, Universidad de la Republica<br>FCAG-IALP<br>IATE &#8211; OAC<br>IATE &#8211; OAC<br>Instituto de Astronom\u00eda, Universidad Nacional Aut\u00f3noma de M\u00e9xico<br>FaMAF-UNC<br>IATE<br>UNSJ<br>Observatorio Astron\u00f3mico de C\u00f3rdoba<br>OAC<br>IATE &#8211; OAC<br>Cinthia IATE<br>IATE, CONICET-UNC<br>FaMAF<br>IALP &#8211; FCAG<br>IATE<br>Observatorio Astron\u00f3mico de C\u00f3rdoba (OAC)<br>Facultad de Matem\u00e1tica, Astronom\u00eda, F\u00edsica y Computaci\u00f3n<br>famaf-ate-OAC &#8211;no determinado<br>IATE<br>IATE<br>Instituto de Astrof\u00edsica de La Plata<br>Pontificia Universidad Cat\u00f3lica de Chile<br>IATE-OAC<br>FaMAF<br>ICATE-UNSJ<br>IATE<br>IATE<br>FCAG-UNLP \/ CONICET<br>University of Colorado, Boulder<br>IALP-UNLP<br>Observatorio Astron\u00f3mico de C\u00f3rdoba<br>New York University<br>IATE &#8211; OAC<br>UNC-Famaf-GRG<br>PUC Santiago \/ U. Autonoma de Madrid \/ U. de Sevilla<br>OAC<br>IATE<br>Observatorio Astron\u00f3mico de C\u00f3rdoba<br>IATE-OAC<br>IATE-OAC<br>IATE &#8211; OAC<br> IATE-OAC<br>OAC<br>IATE<br>IATE-OAC<br>OAC &#8211; IATE<br>FAMAF<br>IATE<\/p>\n<\/div>\n<\/div>\n","protected":false},"excerpt":{"rendered":"<p>Aguero, Maria PazAhumada ,JavierAhumada, Andrea Ver\u00f3nicaAidelman, Yael JudithAlacoria, JoseAlfaro, Germ\u00e1nAmor\u00edn, RicardoAraudo, AnabellaAraujo Furlan, Susana BeatrizArias Callejas, VeronicaBandeo FlorenciaBaracchi, Marcos Adrian JosueBaravalle, LauraBaume, GustavoBenavides Blanco, JoseBertolotto, RafaelCabrera, MauroCamperi, JavierCasanueva, Villarreal ,CatalinaCaso, &hellip; <\/p>\n<p class=\"link-more\"><a href=\"http:\/\/fof.oac.uncor.edu\/2023\/participants\/\" class=\"more-link\">Continue reading<span class=\"screen-reader-text\"> &#8220;Participants&#8221;<\/span><\/a><\/p>\n","protected":false},"author":13,"featured_media":0,"parent":0,"menu_order":0,"comment_status":"closed","ping_status":"closed","template":"","meta":{"_EventAllDay":false,"_EventTimezone":"","_EventStartDate":"","_EventEndDate":"","_EventStartDateUTC":"","_EventEndDateUTC":"","_EventShowMap":false,"_EventShowMapLink":false,"_EventURL":"","_EventCost":"","_EventCostDescription":"","_EventCurrencySymbol":"","_EventCurrencyCode":"","_EventCurrencyPosition":"","_EventDateTimeSeparator":"","_EventTimeRangeSeparator":"","_EventOrganizerID":[],"_EventVenueID":0,"_OrganizerEmail":"","_OrganizerPhone":"","_OrganizerWebsite":"","_VenueAddress":"","_VenueCity":"","_VenueCountry":"","_VenueProvince":"","_VenueZip":"","_VenuePhone":"","_VenueURL":"","_VenueStateProvince":"","_VenueLat":"","_VenueLng":""},"_links":{"self":[{"href":"http:\/\/fof.oac.uncor.edu\/2023\/wp-json\/wp\/v2\/pages\/232"}],"collection":[{"href":"http:\/\/fof.oac.uncor.edu\/2023\/wp-json\/wp\/v2\/pages"}],"about":[{"href":"http:\/\/fof.oac.uncor.edu\/2023\/wp-json\/wp\/v2\/types\/page"}],"author":[{"embeddable":true,"href":"http:\/\/fof.oac.uncor.edu\/2023\/wp-json\/wp\/v2\/users\/13"}],"replies":[{"embeddable":true,"href":"http:\/\/fof.oac.uncor.edu\/2023\/wp-json\/wp\/v2\/comments?post=232"}],"version-history":[{"count":24,"href":"http:\/\/fof.oac.uncor.edu\/2023\/wp-json\/wp\/v2\/pages\/232\/revisions"}],"predecessor-version":[{"id":2139,"href":"http:\/\/fof.oac.uncor.edu\/2023\/wp-json\/wp\/v2\/pages\/232\/revisions\/2139"}],"wp:attachment":[{"href":"http:\/\/fof.oac.uncor.edu\/2023\/wp-json\/wp\/v2\/media?parent=232"}],"curies":[{"name":"wp","href":"https:\/\/api.w.org\/{rel}","templated":true}]}}