{"id":43,"date":"2019-06-11T19:03:28","date_gmt":"2019-06-11T22:03:28","guid":{"rendered":"http:\/\/fof.oac.uncor.edu\/2020\/?page_id=43"},"modified":"2022-12-02T15:31:25","modified_gmt":"2022-12-02T18:31:25","slug":"venue-and-accommodation","status":"publish","type":"page","link":"http:\/\/fof.oac.uncor.edu\/2023\/venue-and-accommodation\/","title":{"rendered":"Venue"},"content":{"rendered":"\n<p>Instituto de Astronom\u00eda Te\u00f3rica y Experimental (IATE) \u2013 Observatorio Astron\u00f3mico de C\u00f3rdoba (OAC)<\/p>\n\n\n\n<p><strong>The entrance to the observatory is on the street:<\/strong>&nbsp; San jos\u00e9 de calazans 600,  C\u00f3rdoba City,  C\u00f3rdoba Province,  Argentina.<br><a rel=\"noreferrer noopener\" href=\"https:\/\/www.google.com\/maps\/place\/San+Jos%C3%A9+de+Calasanz+600\/@-31.419759,-64.1991093,307m\/data=!3m2!1e3!4b1!4m5!1m2!2m1!1sObservatSan+jos%C3%A9+de+calazans+600!3m1!1s0x9432a27ef0575035:0x826625dd3fd602b0!5m1!1e1\" data-type=\"URL\" data-id=\"https:\/\/www.google.com\/maps\/place\/San+Jos%C3%A9+de+Calasanz+600\/@-31.419759,-64.1991093,307m\/data=!3m2!1e3!4b1!4m5!1m2!2m1!1sObservatSan+jos%C3%A9+de+calazans+600!3m1!1s0x9432a27ef0575035:0x826625dd3fd602b0!5m1!1e1\" target=\"_blank\">View Map<\/a><\/p>\n\n\n\n<hr class=\"wp-block-separator has-css-opacity\"\/>\n\n\n\n<h1 class=\"wp-block-heading\"><\/h1>\n","protected":false},"excerpt":{"rendered":"<p>Instituto de Astronom\u00eda Te\u00f3rica y Experimental (IATE) \u2013 Observatorio Astron\u00f3mico de C\u00f3rdoba (OAC) The entrance to the observatory is on the street:&nbsp; San jos\u00e9 de calazans 600, C\u00f3rdoba City, C\u00f3rdoba &hellip; <\/p>\n<p class=\"link-more\"><a href=\"http:\/\/fof.oac.uncor.edu\/2023\/venue-and-accommodation\/\" class=\"more-link\">Continue reading<span class=\"screen-reader-text\"> &#8220;Venue&#8221;<\/span><\/a><\/p>\n","protected":false},"author":13,"featured_media":0,"parent":0,"menu_order":0,"comment_status":"closed","ping_status":"closed","template":"","meta":{"_EventAllDay":false,"_EventTimezone":"","_EventStartDate":"","_EventEndDate":"","_EventStartDateUTC":"","_EventEndDateUTC":"","_EventShowMap":false,"_EventShowMapLink":false,"_EventURL":"","_EventCost":"","_EventCostDescription":"","_EventCurrencySymbol":"","_EventCurrencyCode":"","_EventCurrencyPosition":"","_EventDateTimeSeparator":"","_EventTimeRangeSeparator":"","_EventOrganizerID":[],"_EventVenueID":0,"_OrganizerEmail":"","_OrganizerPhone":"","_OrganizerWebsite":"","_VenueAddress":"","_VenueCity":"","_VenueCountry":"","_VenueProvince":"","_VenueZip":"","_VenuePhone":"","_VenueURL":"","_VenueStateProvince":"","_VenueLat":"","_VenueLng":""},"_links":{"self":[{"href":"http:\/\/fof.oac.uncor.edu\/2023\/wp-json\/wp\/v2\/pages\/43"}],"collection":[{"href":"http:\/\/fof.oac.uncor.edu\/2023\/wp-json\/wp\/v2\/pages"}],"about":[{"href":"http:\/\/fof.oac.uncor.edu\/2023\/wp-json\/wp\/v2\/types\/page"}],"author":[{"embeddable":true,"href":"http:\/\/fof.oac.uncor.edu\/2023\/wp-json\/wp\/v2\/users\/13"}],"replies":[{"embeddable":true,"href":"http:\/\/fof.oac.uncor.edu\/2023\/wp-json\/wp\/v2\/comments?post=43"}],"version-history":[{"count":12,"href":"http:\/\/fof.oac.uncor.edu\/2023\/wp-json\/wp\/v2\/pages\/43\/revisions"}],"predecessor-version":[{"id":1960,"href":"http:\/\/fof.oac.uncor.edu\/2023\/wp-json\/wp\/v2\/pages\/43\/revisions\/1960"}],"wp:attachment":[{"href":"http:\/\/fof.oac.uncor.edu\/2023\/wp-json\/wp\/v2\/media?parent=43"}],"curies":[{"name":"wp","href":"https:\/\/api.w.org\/{rel}","templated":true}]}}