{"id":520,"date":"2024-10-08T18:00:58","date_gmt":"2024-10-08T18:00:58","guid":{"rendered":"https:\/\/fof.oac.uncor.edu\/2025\/?page_id=520"},"modified":"2024-10-18T14:56:22","modified_gmt":"2024-10-18T14:56:22","slug":"home","status":"publish","type":"page","link":"https:\/\/fof.oac.uncor.edu\/2025\/home\/","title":{"rendered":"Home"},"content":{"rendered":"\r\n<p>The Friends of Friends (FoF) meeting is a yearly international meeting that aims to gather researchers from around the world with the purpose of fostering interactions with local researchers and promoting the creation of new collaboration networks. The meeting is jointly organized by the Instituto de Astronom\u00eda Te\u00f3rica y Experimental (IATE) and the Observatorio Astron\u00f3mico de C\u00f3rdoba (OAC).<br \/>The FoF meeting is not oriented to a specific topic. In this edition, the meeting will cover most of the research areas that are being developed in both institutions and it will emphasize those newer and less developed ones that will be of interest to the local astronomical community. Topics will focus on Radioastronomy, Solar physics, Exoplanets dynamics, evolution and interaction with their surroundings, Exoplanets detection and characterization, Interstellar medium, Stars, Data Science, Large-scale structure, and Galaxies.<\/p>\r\n\r\n\r\n\r\n\r\n<div class=\"wp-block-columns alignwide are-vertically-aligned-center is-layout-flex wp-container-core-columns-is-layout-28f84493 wp-block-columns-is-layout-flex\">\r\n<div class=\"wp-block-column is-vertically-aligned-center is-layout-flow wp-block-column-is-layout-flow\">\r\n<figure class=\"wp-block-image aligncenter size-full is-resized\"><a href=\"https:\/\/iate.oac.uncor.edu\/\" target=\"_blank\" rel=\"https:\/\/iate.oac.uncor.edu\/ noreferrer noopener\"><img decoding=\"async\" src=\"https:\/\/fof.oac.uncor.edu\/2025\/wp-content\/uploads\/sites\/6\/2024\/10\/IATE-01-2.png\" alt=\"\" class=\"wp-image-142\" style=\"object-fit:contain;width:340px;height:138px\" \/><\/a><\/figure>\r\n<\/div>\r\n\r\n\r\n\r\n<div class=\"wp-block-column is-vertically-aligned-center is-layout-flow wp-block-column-is-layout-flow\">\r\n<figure class=\"wp-block-image aligncenter size-full is-resized\"><a href=\"https:\/\/oac.unc.edu.ar\/\" target=\"_blank\" rel=\"https:\/\/oac.unc.edu.ar\/ noreferrer noopener\"><img decoding=\"async\" src=\"https:\/\/fof.oac.uncor.edu\/2025\/wp-content\/uploads\/sites\/6\/2024\/10\/Logo_OAC_Negro-2.png\" alt=\"\" class=\"wp-image-153\" style=\"object-fit:contain;width:270px;height:128px\" \/><\/a><\/figure>\r\n<\/div>\r\n<\/div>\r\n\r\n\r\n\r\n\r\n<p>&nbsp;<\/p>\r\n\r\n<h2>COMMITTEE<\/h2>\r\n<p><strong>Organizing committee (OC)\u00a0<\/strong><\/p>\r\n\r\n\r\n\r\n<ul class=\"wp-block-list\">\r\n<li>\r\n<p>Beauge, Cristian<\/p>\r\n<\/li>\r\n<li>\r\n<p>Bertazzi, Viviana Elba<\/p>\r\n<\/li>\r\n<li>\r\n<p>Bornancini, Carlos Guillermo<\/p>\r\n<\/li>\r\n<li>\r\n<p>Bustillos Rava, Jorge Federico<\/p>\r\n<\/li>\r\n<li>\r\n<p>Martinez, Cintia Fernanda<\/p>\r\n<\/li>\r\n<li>\r\n<p>Gualpa, Sebasti\u00e1n Rogelio<\/p>\r\n<\/li>\r\n<li>\r\n<p>Mari, Bel\u00e9n<\/p>\r\n<\/li>\r\n<li>\r\n<p>Ortiz, Cecilia<\/p>\r\n<\/li>\r\n<li>\r\n<p>Toscano, Facundo Nicol\u00e1s<\/p>\r\n<\/li>\r\n<li>\r\n<p>Vega, Luis Rodolfo<\/p>\r\n<\/li>\r\n<li>\r\n<p>Zopetti, Federico Andres<\/p>\r\n<ul><\/ul>\r\n<\/li>\r\n<\/ul>\r\n\r\n\r\n\r\n\r\n<img decoding=\"async\" src=\"https:\/\/fof.oac.uncor.edu\/2025\/wp-content\/uploads\/sites\/6\/2024\/10\/direccionMailFof-300x37.png\" alt=\"\" width=\"300\" height=\"37\" class=\"alignnone size-medium wp-image-589\" srcset=\"https:\/\/fof.oac.uncor.edu\/2025\/wp-content\/uploads\/sites\/6\/2024\/10\/direccionMailFof-300x37.png 300w, https:\/\/fof.oac.uncor.edu\/2025\/wp-content\/uploads\/sites\/6\/2024\/10\/direccionMailFof.png 303w\" sizes=\"(max-width: 300px) 100vw, 300px\" \/>\r\n\r\n\r\n","protected":false},"excerpt":{"rendered":"","protected":false},"author":6,"featured_media":0,"parent":0,"menu_order":0,"comment_status":"closed","ping_status":"closed","template":"","meta":{"site-sidebar-layout":"default","site-content-layout":"","ast-site-content-layout":"default","site-content-style":"default","site-sidebar-style":"default","ast-global-header-display":"","ast-banner-title-visibility":"","ast-main-header-display":"","ast-hfb-above-header-display":"","ast-hfb-below-header-display":"","ast-hfb-mobile-header-display":"","site-post-title":"","ast-breadcrumbs-content":"","ast-featured-img":"","footer-sml-layout":"","theme-transparent-header-meta":"default","adv-header-id-meta":"","stick-header-meta":"","header-above-stick-meta":"","header-main-stick-meta":"","header-below-stick-meta":"","astra-migrate-meta-layouts":"set","ast-page-background-enabled":"default","ast-page-background-meta":{"desktop":{"background-color":"var(--ast-global-color-4)","background-image":"","background-repeat":"repeat","background-position":"center center","background-size":"auto","background-attachment":"scroll","background-type":"","background-media":"","overlay-type":"","overlay-color":"","overlay-opacity":"","overlay-gradient":""},"tablet":{"background-color":"","background-image":"","background-repeat":"repeat","background-position":"center center","background-size":"auto","background-attachment":"scroll","background-type":"","background-media":"","overlay-type":"","overlay-color":"","overlay-opacity":"","overlay-gradient":""},"mobile":{"background-color":"","background-image":"","background-repeat":"repeat","background-position":"center center","background-size":"auto","background-attachment":"scroll","background-type":"","background-media":"","overlay-type":"","overlay-color":"","overlay-opacity":"","overlay-gradient":""}},"ast-content-background-meta":{"desktop":{"background-color":"var(--ast-global-color-5)","background-image":"","background-repeat":"repeat","background-position":"center center","background-size":"auto","background-attachment":"scroll","background-type":"","background-media":"","overlay-type":"","overlay-color":"","overlay-opacity":"","overlay-gradient":""},"tablet":{"background-color":"var(--ast-global-color-5)","background-image":"","background-repeat":"repeat","background-position":"center center","background-size":"auto","background-attachment":"scroll","background-type":"","background-media":"","overlay-type":"","overlay-color":"","overlay-opacity":"","overlay-gradient":""},"mobile":{"background-color":"var(--ast-global-color-5)","background-image":"","background-repeat":"repeat","background-position":"center center","background-size":"auto","background-attachment":"scroll","background-type":"","background-media":"","overlay-type":"","overlay-color":"","overlay-opacity":"","overlay-gradient":""}},"footnotes":""},"class_list":["post-520","page","type-page","status-publish","hentry"],"_links":{"self":[{"href":"https:\/\/fof.oac.uncor.edu\/2025\/wp-json\/wp\/v2\/pages\/520","targetHints":{"allow":["GET"]}}],"collection":[{"href":"https:\/\/fof.oac.uncor.edu\/2025\/wp-json\/wp\/v2\/pages"}],"about":[{"href":"https:\/\/fof.oac.uncor.edu\/2025\/wp-json\/wp\/v2\/types\/page"}],"author":[{"embeddable":true,"href":"https:\/\/fof.oac.uncor.edu\/2025\/wp-json\/wp\/v2\/users\/6"}],"replies":[{"embeddable":true,"href":"https:\/\/fof.oac.uncor.edu\/2025\/wp-json\/wp\/v2\/comments?post=520"}],"version-history":[{"count":3,"href":"https:\/\/fof.oac.uncor.edu\/2025\/wp-json\/wp\/v2\/pages\/520\/revisions"}],"predecessor-version":[{"id":603,"href":"https:\/\/fof.oac.uncor.edu\/2025\/wp-json\/wp\/v2\/pages\/520\/revisions\/603"}],"wp:attachment":[{"href":"https:\/\/fof.oac.uncor.edu\/2025\/wp-json\/wp\/v2\/media?parent=520"}],"curies":[{"name":"wp","href":"https:\/\/api.w.org\/{rel}","templated":true}]}}