{"id":547,"date":"2024-10-10T20:05:02","date_gmt":"2024-10-10T20:05:02","guid":{"rendered":"https:\/\/fof.oac.uncor.edu\/2025\/?page_id=547"},"modified":"2025-04-11T19:59:40","modified_gmt":"2025-04-11T19:59:40","slug":"about-the-meeting-2","status":"publish","type":"page","link":"https:\/\/fof.oac.uncor.edu\/2025\/","title":{"rendered":"ABOUT THE MEETING"},"content":{"rendered":"<p><img fetchpriority=\"high\" decoding=\"async\" class=\"aligncenter size-full wp-image-911\" src=\"https:\/\/fof.oac.uncor.edu\/2025\/wp-content\/uploads\/sites\/6\/2025\/04\/FOF_2025_FOTO.jpeg\" alt=\"\" width=\"1280\" height=\"963\" srcset=\"https:\/\/fof.oac.uncor.edu\/2025\/wp-content\/uploads\/sites\/6\/2025\/04\/FOF_2025_FOTO.jpeg 1280w, https:\/\/fof.oac.uncor.edu\/2025\/wp-content\/uploads\/sites\/6\/2025\/04\/FOF_2025_FOTO-300x226.jpeg 300w, https:\/\/fof.oac.uncor.edu\/2025\/wp-content\/uploads\/sites\/6\/2025\/04\/FOF_2025_FOTO-1024x770.jpeg 1024w, https:\/\/fof.oac.uncor.edu\/2025\/wp-content\/uploads\/sites\/6\/2025\/04\/FOF_2025_FOTO-768x578.jpeg 768w\" sizes=\"(max-width: 1280px) 100vw, 1280px\" \/><\/p>\r\n<p>The Friends of Friends (FoF) meeting is a yearly international meeting that aims to gather researchers from around the world with the purpose of fostering interactions with local researchers and promoting the creation of new collaboration networks. The meeting is jointly organized by the Instituto de Astronom\u00eda Te\u00f3rica y Experimental (IATE) and the Observatorio Astron\u00f3mico de C\u00f3rdoba (OAC).<br \/>The FoF meeting is not oriented to a specific topic. In this edition, the meeting will cover most of the research areas that are being developed in both institutions and it will emphasize those newer and less developed ones that will be of interest to the local astronomical community. Topics will focus on Radioastronomy, Solar physics, Exoplanets dynamics, evolution and interaction with their surroundings, Exoplanets detection and characterization, Interstellar medium, Stars, Data Science, Large-scale structure, and Galaxies.<\/p>\r\n<p>&nbsp;<\/p>\r\n\r\n<h2>COMMITTEE<\/h2>\r\n<p><strong>Organizing committee (OC)\u00a0<\/strong><\/p>\r\n\r\n\r\n\r\n<ul class=\"wp-block-list\">\r\n<li>\r\n<p>Beauge, Cristian<\/p>\r\n<\/li>\r\n<li>\r\n<p>Bertazzi, Viviana Elba<\/p>\r\n<\/li>\r\n<li>\r\n<p>Bornancini, Carlos Guillermo<\/p>\r\n<\/li>\r\n<li>\r\n<p>Bustillos Rava, Jorge Federico<\/p>\r\n<\/li>\r\n<li>\r\n<p>Martinez, Cintia Fernanda<\/p>\r\n<\/li>\r\n<li>\r\n<p>Gualpa, Sebasti\u00e1n Rogelio<\/p>\r\n<\/li>\r\n<li>\r\n<p>Mari, Bel\u00e9n<\/p>\r\n<\/li>\r\n<li>\r\n<p>Ortiz, Cecilia<\/p>\r\n<\/li>\r\n<li>\r\n<p>Toscano, Facundo Nicol\u00e1s<\/p>\r\n<\/li>\r\n<li>\r\n<p>Vega, Luis Rodolfo<\/p>\r\n<\/li>\r\n<li>\r\n<p>Zopetti, Federico Andres<\/p>\r\n<ul><\/ul>\r\n<\/li>\r\n<\/ul>\r\n\r\n\r\n\r\n<p><img decoding=\"async\" class=\"alignnone size-medium wp-image-589\" src=\"https:\/\/fof.oac.uncor.edu\/2025\/wp-content\/uploads\/sites\/6\/2024\/10\/direccionMailFof-300x37.png\" alt=\"\" width=\"300\" height=\"37\" srcset=\"https:\/\/fof.oac.uncor.edu\/2025\/wp-content\/uploads\/sites\/6\/2024\/10\/direccionMailFof-300x37.png 300w, https:\/\/fof.oac.uncor.edu\/2025\/wp-content\/uploads\/sites\/6\/2024\/10\/direccionMailFof.png 303w\" sizes=\"(max-width: 300px) 100vw, 300px\" \/><\/p>\r\n\r\n<h2>Sponsors<\/h2>\r\n<p><img decoding=\"async\" class=\"alignnone wp-image-597 \" src=\"https:\/\/fof.oac.uncor.edu\/2025\/wp-content\/uploads\/sites\/6\/2024\/10\/logoAAA_oficial-300x283.png\" alt=\"\" width=\"123\" height=\"116\" srcset=\"https:\/\/fof.oac.uncor.edu\/2025\/wp-content\/uploads\/sites\/6\/2024\/10\/logoAAA_oficial-300x283.png 300w, https:\/\/fof.oac.uncor.edu\/2025\/wp-content\/uploads\/sites\/6\/2024\/10\/logoAAA_oficial.png 612w\" sizes=\"(max-width: 123px) 100vw, 123px\" \/>\u00a0 \u00a0 \u00a0 <img loading=\"lazy\" decoding=\"async\" class=\"alignnone  wp-image-593\" src=\"https:\/\/fof.oac.uncor.edu\/2025\/wp-content\/uploads\/sites\/6\/2024\/10\/unc3_b-1024x326-1-300x96.jpg\" alt=\"\" width=\"193\" height=\"62\" srcset=\"https:\/\/fof.oac.uncor.edu\/2025\/wp-content\/uploads\/sites\/6\/2024\/10\/unc3_b-1024x326-1-300x96.jpg 300w, https:\/\/fof.oac.uncor.edu\/2025\/wp-content\/uploads\/sites\/6\/2024\/10\/unc3_b-1024x326-1-768x245.jpg 768w, https:\/\/fof.oac.uncor.edu\/2025\/wp-content\/uploads\/sites\/6\/2024\/10\/unc3_b-1024x326-1.jpg 1024w\" sizes=\"(max-width: 193px) 100vw, 193px\" \/>\u00a0 \u00a0 \u00a0 \u00a0<img loading=\"lazy\" decoding=\"async\" class=\"alignnone  wp-image-594\" src=\"https:\/\/fof.oac.uncor.edu\/2025\/wp-content\/uploads\/sites\/6\/2024\/10\/Conicet_Logo_con_letras-4-1024x587-1-300x172.png\" alt=\"\" width=\"97\" height=\"56\" srcset=\"https:\/\/fof.oac.uncor.edu\/2025\/wp-content\/uploads\/sites\/6\/2024\/10\/Conicet_Logo_con_letras-4-1024x587-1-300x172.png 300w, https:\/\/fof.oac.uncor.edu\/2025\/wp-content\/uploads\/sites\/6\/2024\/10\/Conicet_Logo_con_letras-4-1024x587-1-768x440.png 768w, https:\/\/fof.oac.uncor.edu\/2025\/wp-content\/uploads\/sites\/6\/2024\/10\/Conicet_Logo_con_letras-4-1024x587-1.png 1024w\" sizes=\"(max-width: 97px) 100vw, 97px\" \/> <img loading=\"lazy\" decoding=\"async\" class=\"alignnone  wp-image-619\" src=\"https:\/\/fof.oac.uncor.edu\/2025\/wp-content\/uploads\/sites\/6\/2024\/12\/Logo-FAMAF-negro-2-300x176.jpg\" alt=\"\" width=\"234\" height=\"137\" srcset=\"https:\/\/fof.oac.uncor.edu\/2025\/wp-content\/uploads\/sites\/6\/2024\/12\/Logo-FAMAF-negro-2-300x176.jpg 300w, https:\/\/fof.oac.uncor.edu\/2025\/wp-content\/uploads\/sites\/6\/2024\/12\/Logo-FAMAF-negro-2-768x451.jpg 768w, https:\/\/fof.oac.uncor.edu\/2025\/wp-content\/uploads\/sites\/6\/2024\/12\/Logo-FAMAF-negro-2.jpg 878w\" sizes=\"(max-width: 234px) 100vw, 234px\" \/> <img loading=\"lazy\" decoding=\"async\" class=\"\" src=\"https:\/\/fof.oac.uncor.edu\/2025\/wp-content\/uploads\/sites\/6\/2025\/03\/LOGO_SUB_turismo_02-300x183.webp\" alt=\"\" width=\"167\" height=\"102\" \/><\/p>","protected":false},"excerpt":{"rendered":"<p>The Friends of Friends (FoF) meeting is a yearly international meeting that aims to gather researchers from around the world [&hellip;]<\/p>\n","protected":false},"author":6,"featured_media":0,"parent":0,"menu_order":0,"comment_status":"closed","ping_status":"closed","template":"","meta":{"site-sidebar-layout":"default","site-content-layout":"","ast-site-content-layout":"default","site-content-style":"default","site-sidebar-style":"default","ast-global-header-display":"","ast-banner-title-visibility":"","ast-main-header-display":"","ast-hfb-above-header-display":"","ast-hfb-below-header-display":"","ast-hfb-mobile-header-display":"","site-post-title":"","ast-breadcrumbs-content":"","ast-featured-img":"","footer-sml-layout":"","theme-transparent-header-meta":"default","adv-header-id-meta":"","stick-header-meta":"","header-above-stick-meta":"","header-main-stick-meta":"","header-below-stick-meta":"","astra-migrate-meta-layouts":"set","ast-page-background-enabled":"default","ast-page-background-meta":{"desktop":{"background-color":"var(--ast-global-color-4)","background-image":"","background-repeat":"repeat","background-position":"center center","background-size":"auto","background-attachment":"scroll","background-type":"","background-media":"","overlay-type":"","overlay-color":"","overlay-opacity":"","overlay-gradient":""},"tablet":{"background-color":"","background-image":"","background-repeat":"repeat","background-position":"center center","background-size":"auto","background-attachment":"scroll","background-type":"","background-media":"","overlay-type":"","overlay-color":"","overlay-opacity":"","overlay-gradient":""},"mobile":{"background-color":"","background-image":"","background-repeat":"repeat","background-position":"center center","background-size":"auto","background-attachment":"scroll","background-type":"","background-media":"","overlay-type":"","overlay-color":"","overlay-opacity":"","overlay-gradient":""}},"ast-content-background-meta":{"desktop":{"background-color":"var(--ast-global-color-5)","background-image":"","background-repeat":"repeat","background-position":"center center","background-size":"auto","background-attachment":"scroll","background-type":"","background-media":"","overlay-type":"","overlay-color":"","overlay-opacity":"","overlay-gradient":""},"tablet":{"background-color":"var(--ast-global-color-5)","background-image":"","background-repeat":"repeat","background-position":"center center","background-size":"auto","background-attachment":"scroll","background-type":"","background-media":"","overlay-type":"","overlay-color":"","overlay-opacity":"","overlay-gradient":""},"mobile":{"background-color":"var(--ast-global-color-5)","background-image":"","background-repeat":"repeat","background-position":"center center","background-size":"auto","background-attachment":"scroll","background-type":"","background-media":"","overlay-type":"","overlay-color":"","overlay-opacity":"","overlay-gradient":""}},"footnotes":""},"class_list":["post-547","page","type-page","status-publish","hentry"],"_links":{"self":[{"href":"https:\/\/fof.oac.uncor.edu\/2025\/wp-json\/wp\/v2\/pages\/547","targetHints":{"allow":["GET"]}}],"collection":[{"href":"https:\/\/fof.oac.uncor.edu\/2025\/wp-json\/wp\/v2\/pages"}],"about":[{"href":"https:\/\/fof.oac.uncor.edu\/2025\/wp-json\/wp\/v2\/types\/page"}],"author":[{"embeddable":true,"href":"https:\/\/fof.oac.uncor.edu\/2025\/wp-json\/wp\/v2\/users\/6"}],"replies":[{"embeddable":true,"href":"https:\/\/fof.oac.uncor.edu\/2025\/wp-json\/wp\/v2\/comments?post=547"}],"version-history":[{"count":10,"href":"https:\/\/fof.oac.uncor.edu\/2025\/wp-json\/wp\/v2\/pages\/547\/revisions"}],"predecessor-version":[{"id":912,"href":"https:\/\/fof.oac.uncor.edu\/2025\/wp-json\/wp\/v2\/pages\/547\/revisions\/912"}],"wp:attachment":[{"href":"https:\/\/fof.oac.uncor.edu\/2025\/wp-json\/wp\/v2\/media?parent=547"}],"curies":[{"name":"wp","href":"https:\/\/api.w.org\/{rel}","templated":true}]}}