{"id":1114,"date":"2023-07-31T18:24:19","date_gmt":"2023-07-31T18:24:19","guid":{"rendered":"https:\/\/fof.oac.uncor.edu\/2024\/?page_id=4"},"modified":"2026-03-30T18:32:12","modified_gmt":"2026-03-30T18:32:12","slug":"home","status":"publish","type":"page","link":"https:\/\/fof.oac.uncor.edu\/2026\/","title":{"rendered":"FOF"},"content":{"rendered":"\t\t<div data-elementor-type=\"wp-page\" data-elementor-id=\"1114\" class=\"elementor elementor-1114\">\n\t\t\t\t<div class=\"elementor-element elementor-element-b48950f e-con-full e-flex e-con e-parent\" data-id=\"b48950f\" data-element_type=\"container\">\n\t\t\t\t<div class=\"elementor-element elementor-element-4e93d19 elementor-widget elementor-widget-image\" data-id=\"4e93d19\" data-element_type=\"widget\" data-widget_type=\"image.default\">\n\t\t\t\t<div class=\"elementor-widget-container\">\n\t\t\t<style>\/*! elementor - v3.21.0 - 26-05-2024 *\/\n.elementor-widget-image{text-align:center}.elementor-widget-image a{display:inline-block}.elementor-widget-image a img[src$=\".svg\"]{width:48px}.elementor-widget-image img{vertical-align:middle;display:inline-block}<\/style>\t\t\t\t\t\t\t\t\t\t<img fetchpriority=\"high\" decoding=\"async\" width=\"440\" height=\"441\" src=\"https:\/\/fof.oac.uncor.edu\/2026\/wp-content\/uploads\/sites\/8\/2026\/03\/logo_FOF_XV_basic_small.png\" class=\"attachment-large size-large wp-image-1340\" alt=\"LOGO\" srcset=\"https:\/\/fof.oac.uncor.edu\/2026\/wp-content\/uploads\/sites\/8\/2026\/03\/logo_FOF_XV_basic_small.png 440w, https:\/\/fof.oac.uncor.edu\/2026\/wp-content\/uploads\/sites\/8\/2026\/03\/logo_FOF_XV_basic_small-300x300.png 300w, https:\/\/fof.oac.uncor.edu\/2026\/wp-content\/uploads\/sites\/8\/2026\/03\/logo_FOF_XV_basic_small-150x150.png 150w\" sizes=\"100vw\" \/>\t\t\t\t\t\t\t\t\t\t\t\t\t<\/div>\n\t\t\t\t<\/div>\n\t\t\t\t<\/div>\n\t\t<div class=\"elementor-element elementor-element-158e0042 e-flex e-con-boxed e-con e-parent\" data-id=\"158e0042\" data-element_type=\"container\">\n\t\t\t\t\t<div class=\"e-con-inner\">\n\t\t\t\t<div class=\"elementor-element elementor-element-637e38e7 elementor-widget elementor-widget-text-editor\" data-id=\"637e38e7\" data-element_type=\"widget\" data-widget_type=\"text-editor.default\">\n\t\t\t\t<div class=\"elementor-widget-container\">\n\t\t\t<style>\/*! elementor - v3.21.0 - 26-05-2024 *\/\n.elementor-widget-text-editor.elementor-drop-cap-view-stacked .elementor-drop-cap{background-color:#69727d;color:#fff}.elementor-widget-text-editor.elementor-drop-cap-view-framed .elementor-drop-cap{color:#69727d;border:3px solid;background-color:transparent}.elementor-widget-text-editor:not(.elementor-drop-cap-view-default) .elementor-drop-cap{margin-top:8px}.elementor-widget-text-editor:not(.elementor-drop-cap-view-default) .elementor-drop-cap-letter{width:1em;height:1em}.elementor-widget-text-editor .elementor-drop-cap{float:left;text-align:center;line-height:1;font-size:50px}.elementor-widget-text-editor .elementor-drop-cap-letter{display:inline-block}<\/style>\t\t\t\t<h2 class=\"wp-block-heading has-text-align-center\">About the meeting<\/h2>\n<p><!-- \/wp:heading --><!-- wp:paragraph --><\/p>\n<p>The Friends of Friends (FoF) meeting is a yearly international meeting that aims to gather researchers from around the world with the purpose of fostering interactions with local researchers and promoting the creation of new collaboration networks. The meeting is jointly organized by the Instituto de Astronom\u00eda Te\u00f3rica y Experimental (IATE) and the Observatorio Astron\u00f3mico de C\u00f3rdoba (OAC).<br \/>The FoF meeting is oriented to a specific topic. In this edition, the meeting will cover most of the research areas that are being developed in both institutions and it will emphasize those newer and less developed ones that will be of interest to the local astronomical community. Topics will focus on Radioastronomy, Solar physics, Exoplanets dynamics, evolution and interaction with their surroundings, Exoplanets detection and characterization, Interstellar medium, Stars, Data Science, Large-scale structure, and Galaxies. The meeting will help to highlight new observational projects like the radiotelescopes that are being developed in Argentina, e.g. CART (China-Argentina Radio Telescope) and LLAMA (Large Latin American Millimeter Array).<\/p>\n<p>\u00a0<\/p>\n<h2 class=\"wp-block-heading has-text-align-center\">Important Dates<\/h2>\n<ul>\n<li>The meeting will be held in person at the <a href=\"https:\/\/oac.unc.edu.ar\/\">C\u00f3rdoba Observatory<\/a> (Argentina) from <strong>April 6th<\/strong> through <strong>April 10th<\/strong>.<\/li>\n<li>Abstract submission will be open from <strong>November 1st<\/strong> until <strong>February 20th<\/strong>.<\/li>\n<li>Registration will be open from November 1st until <strong>March\u00a06th<\/strong> and will be <strong>free of charge<\/strong>.<\/li>\n<li>For registration and abstract submission, please fill <a href=\"https:\/\/docs.google.com\/forms\/d\/e\/1FAIpQLSd1ysBLkfdgT_pXl4hRrdAeAVhHqAGR6foy_yaJoJPocXkFOg\/viewform?usp=dialog\">this form<\/a>. [<strong>CLOSED<\/strong>]<\/li>\n<\/ul>\n<p><!-- \/wp:paragraph --><!-- wp:heading {\"textAlign\":\"center\"} --><\/p>\n<h2 class=\"wp-block-heading has-text-align-center\">Organizing &amp; Supporting Institutions<!-- \/wp:columns --><!-- wp:heading {\"textAlign\":\"center\"} --><\/h2>\n<p><!-- \/wp:heading --><!-- wp:paragraph {\"align\":\"center\"} --><\/p>\n<p><a href=\"https:\/\/iate.oac.uncor.edu\/\" target=\"_blank\" rel=\"https:\/\/iate.oac.uncor.edu\/ noreferrer noopener\"><img decoding=\"async\" class=\"wp-image-142 aligncenter\" style=\"object-fit: contain;width: 335px;height: 136px\" src=\"https:\/\/fof.oac.uncor.edu\/2024\/wp-content\/uploads\/sites\/5\/2023\/08\/IATE-01.png\" alt=\"\" \/> <\/a><a href=\"https:\/\/oac.unc.edu.ar\/\" target=\"_blank\" rel=\"https:\/\/oac.unc.edu.ar\/ noreferrer noopener\"><img decoding=\"async\" class=\"wp-image-153 aligncenter\" src=\"https:\/\/fof.oac.uncor.edu\/2024\/wp-content\/uploads\/sites\/5\/2023\/08\/Logo_OAC_Negro.png\" alt=\"\" width=\"261\" height=\"114\" \/> <\/a><a href=\"http:\/\/astronomiaargentina.org.ar\/\" target=\"_blank\" rel=\"https:\/\/oac.unc.edu.ar\/ noreferrer noopener\"><img decoding=\"async\" class=\"aligncenter wp-image-1354\" src=\"https:\/\/fof.oac.uncor.edu\/2026\/wp-content\/uploads\/sites\/8\/2026\/03\/logo_AAA_large.png\" alt=\"\" width=\"119\" height=\"122\" \/> <\/a>\u00a0<img loading=\"lazy\" decoding=\"async\" class=\"aligncenter wp-image-1410 size-medium\" src=\"https:\/\/fof.oac.uncor.edu\/2026\/wp-content\/uploads\/sites\/8\/2026\/03\/Logo_FAMAF_color_pleno-e1774895398469-300x116.png\" alt=\"Logo FAMAF\" width=\"300\" height=\"116\" srcset=\"https:\/\/fof.oac.uncor.edu\/2026\/wp-content\/uploads\/sites\/8\/2026\/03\/Logo_FAMAF_color_pleno-e1774895398469-300x116.png 300w, https:\/\/fof.oac.uncor.edu\/2026\/wp-content\/uploads\/sites\/8\/2026\/03\/Logo_FAMAF_color_pleno-e1774895398469.png 768w\" sizes=\"(max-width: 300px) 100vw, 300px\" \/> \u00a0 \u00a0 \u00a0 \u00a0 \u00a0 \u00a0 \u00a0 <a href=\"https:\/\/oac.unc.edu.ar\/\" target=\"_blank\" rel=\"https:\/\/oac.unc.edu.ar\/ noreferrer noopener\"><br \/><\/a><\/p>\n<h2 class=\"wp-block-heading has-text-align-center\">SOC &amp; LOC<\/h2>\n<p class=\"has-text-align-center\">Bruno Celiz (IATE)<br \/>Mart\u00edn de los Rios (IATE)<br \/>Emmanuel Gianuzzi (IATE)<br \/>M\u00f3nica Oddone (OAC)<br \/><span style=\"font-weight: 400\">Cecilia Ortiz (OAC)<\/span><br \/>N\u00e9lson Padilla (IATE)<br \/>Yamila Yaryura (IATE \/ OAC)<\/p>\n<p><!-- \/wp:paragraph --><!-- wp:heading {\"textAlign\":\"center\"} --><\/p>\n<h2 class=\"wp-block-heading has-text-align-center\">\u00a0<\/h2>\n<p><!-- \/wp:heading --><!-- wp:columns {\"verticalAlignment\":\"center\"} --><\/p>\n<div class=\"wp-block-columns are-vertically-aligned-center\">\n<p><!-- wp:column {\"verticalAlignment\":\"center\",\"width\":\"400px\"} --><\/p>\n<div class=\"wp-block-column is-vertically-aligned-center\" style=\"flex-basis: 400px\">\n<p><!-- wp:image {\"align\":\"center\",\"id\":341,\"width\":\"200px\",\"height\":\"undefinedpx\",\"sizeSlug\":\"large\",\"linkDestination\":\"none\"} --><\/p>\n<figure class=\"wp-block-image aligncenter size-large is-resized\"><\/figure>\n<p><!-- \/wp:image --><\/p>\n<\/div>\n<p><!-- \/wp:column --><!-- wp:column {\"verticalAlignment\":\"center\",\"width\":\"400px\"} --><\/p>\n<div class=\"wp-block-column is-vertically-aligned-center\" style=\"flex-basis: 400px\">\n<p><!-- wp:image {\"align\":\"center\",\"id\":342,\"width\":\"180px\",\"height\":\"undefinedpx\",\"sizeSlug\":\"full\",\"linkDestination\":\"none\"} --><\/p>\n<figure class=\"wp-block-image aligncenter size-full is-resized\"><\/figure>\n<p><!-- \/wp:image --><\/p>\n<\/div>\n<p><!-- \/wp:column --><!-- wp:column {\"verticalAlignment\":\"center\",\"width\":\"400px\"} --><\/p>\n<div class=\"wp-block-column is-vertically-aligned-center\" style=\"flex-basis: 400px\">\n<p><!-- wp:image {\"align\":\"center\",\"id\":463,\"width\":\"137px\",\"height\":\"79px\",\"sizeSlug\":\"large\",\"linkDestination\":\"none\"} --><\/p>\n<figure class=\"wp-block-image aligncenter size-large is-resized\"><\/figure>\n<p><!-- \/wp:image --><\/p>\n<\/div>\n<p><!-- \/wp:column --><!-- wp:column {\"verticalAlignment\":\"center\",\"width\":\"400px\"} --><\/p>\n<div class=\"wp-block-column is-vertically-aligned-center\" style=\"flex-basis: 400px\">\n<p><!-- wp:image {\"align\":\"center\",\"id\":344,\"width\":\"100px\",\"height\":\"100px\",\"scale\":\"contain\",\"sizeSlug\":\"full\",\"linkDestination\":\"none\"} --><\/p>\n<figure class=\"wp-block-image aligncenter size-full is-resized\"><\/figure>\n<p><!-- \/wp:image --><\/p>\n<\/div>\n<p><!-- \/wp:column --><\/p>\n<\/div>\n<p><!-- \/wp:columns --><!-- wp:image {\"align\":\"center\",\"id\":773,\"width\":\"356px\",\"height\":\"auto\",\"sizeSlug\":\"large\",\"linkDestination\":\"none\"} --><\/p>\n<figure class=\"wp-block-image aligncenter size-large is-resized\"><\/figure>\n<p><!-- \/wp:image --><\/p>\t\t\t\t\t\t<\/div>\n\t\t\t\t<\/div>\n\t\t\t\t\t<\/div>\n\t\t\t\t<\/div>\n\t\t\t\t<\/div>\n\t\t","protected":false},"excerpt":{"rendered":"<p>\/*! elementor &#8211; v3.21.0 &#8211; 26-05-2024 *\/ .elementor-widget-image{text-align:center}.elementor-widget-image a{display:inline-block}.elementor-widget-image a img[src$=&#8221;.svg&#8221;]{width:48px}.elementor-widget-image img{vertical-align:middle;display:inline-block} About the meeting The Friends of Friends (FoF) meeting is a yearly international meeting that aims to gather researchers from around the world with the purpose of fostering interactions with local researchers and promoting the creation of new collaboration networks. The meeting is &hellip; <\/p>\n<p class=\"link-more\"><a href=\"https:\/\/fof.oac.uncor.edu\/2026\/\" class=\"more-link\">Read more<span class=\"screen-reader-text\"> &#8220;FOF&#8221;<\/span><\/a><\/p>\n","protected":false},"author":8,"featured_media":0,"parent":0,"menu_order":0,"comment_status":"closed","ping_status":"closed","template":"","meta":{"footnotes":""},"class_list":["post-1114","page","type-page","status-publish","hentry"],"_links":{"self":[{"href":"https:\/\/fof.oac.uncor.edu\/2026\/wp-json\/wp\/v2\/pages\/1114","targetHints":{"allow":["GET"]}}],"collection":[{"href":"https:\/\/fof.oac.uncor.edu\/2026\/wp-json\/wp\/v2\/pages"}],"about":[{"href":"https:\/\/fof.oac.uncor.edu\/2026\/wp-json\/wp\/v2\/types\/page"}],"author":[{"embeddable":true,"href":"https:\/\/fof.oac.uncor.edu\/2026\/wp-json\/wp\/v2\/users\/8"}],"replies":[{"embeddable":true,"href":"https:\/\/fof.oac.uncor.edu\/2026\/wp-json\/wp\/v2\/comments?post=1114"}],"version-history":[{"count":74,"href":"https:\/\/fof.oac.uncor.edu\/2026\/wp-json\/wp\/v2\/pages\/1114\/revisions"}],"predecessor-version":[{"id":1422,"href":"https:\/\/fof.oac.uncor.edu\/2026\/wp-json\/wp\/v2\/pages\/1114\/revisions\/1422"}],"wp:attachment":[{"href":"https:\/\/fof.oac.uncor.edu\/2026\/wp-json\/wp\/v2\/media?parent=1114"}],"curies":[{"name":"wp","href":"https:\/\/api.w.org\/{rel}","templated":true}]}}