{"id":34,"date":"2023-08-23T15:01:28","date_gmt":"2023-08-23T15:01:28","guid":{"rendered":"https:\/\/fof.oac.uncor.edu\/2024\/?page_id=34"},"modified":"2026-03-30T18:24:26","modified_gmt":"2026-03-30T18:24:26","slug":"invited-speakers","status":"publish","type":"page","link":"https:\/\/fof.oac.uncor.edu\/2026\/invited-speakers\/","title":{"rendered":"Confirmed Invited Speakers"},"content":{"rendered":"\t\t<div data-elementor-type=\"wp-page\" data-elementor-id=\"34\" class=\"elementor elementor-34\">\n\t\t\t\t<div class=\"elementor-element elementor-element-46d904b2 e-flex e-con-boxed e-con e-parent\" data-id=\"46d904b2\" data-element_type=\"container\">\n\t\t\t\t\t<div class=\"e-con-inner\">\n\t\t\t\t<div class=\"elementor-element elementor-element-2489ac9f elementor-widget elementor-widget-text-editor\" data-id=\"2489ac9f\" data-element_type=\"widget\" data-widget_type=\"text-editor.default\">\n\t\t\t\t<div class=\"elementor-widget-container\">\n\t\t\t<style>\/*! elementor - v3.21.0 - 26-05-2024 *\/\n.elementor-widget-text-editor.elementor-drop-cap-view-stacked .elementor-drop-cap{background-color:#69727d;color:#fff}.elementor-widget-text-editor.elementor-drop-cap-view-framed .elementor-drop-cap{color:#69727d;border:3px solid;background-color:transparent}.elementor-widget-text-editor:not(.elementor-drop-cap-view-default) .elementor-drop-cap{margin-top:8px}.elementor-widget-text-editor:not(.elementor-drop-cap-view-default) .elementor-drop-cap-letter{width:1em;height:1em}.elementor-widget-text-editor .elementor-drop-cap{float:left;text-align:center;line-height:1;font-size:50px}.elementor-widget-text-editor .elementor-drop-cap-letter{display:inline-block}<\/style>\t\t\t\t<ul><li><strong>Enrique Paillas<\/strong> (StewardObservatory, University of Arizona, USA)<\/li><li><strong>Vasiliki Fragkou<\/strong> (Universidad Federal de Rio de Janeiro, Brasil)<\/li><li><strong>Luis Lomeli<\/strong> (Observatorio do Valongo, Universidade Federal do Rio de Janeiro, Brasil)<\/li><li><strong>Claudia Sc\u00f3ccola<\/strong> (Universidad de Chile, Santiago, Chile)<\/li><li><strong>Max McMurdo<\/strong> (Centre for Mathematical Plasma Astrophysics, Leuven, B\u00e9lgica)<\/li><li><strong>Dante Minniti<\/strong> (Universidad Andr\u00e9s Bello, Chile)<\/li><li><strong>Amaia Razquin Lizarraga<\/strong> (University of Graz, Institute of Physics, Graz, Austria)<\/li><li><strong>Sergio Paron<\/strong> (Instituto de Astronom\u00eda y F\u00edsica del Espacio, Buenos Aires, Argentina)<\/li><li><strong>Andres Perez<\/strong> (Instituto Balseiro, Bariloche, Argentina)<\/li><li><strong>Lucas Macri<\/strong> (University of Texas Rio Grande Valley, USA)<\/li><li><strong>Hermano Endlich Schneider Velten<\/strong> (Universidade Federal de Ouro Preto, Minas Gerais, Brasil)<\/li><li><strong>Fabio Iocco<\/strong> (Universit\u00e0 di Napoli &#8220;Federico II&#8221;, Napoles, Italia)<\/li><li><strong>Gustavo Madeira<\/strong> (Observat\u00f3rio Nacional, Rio de Janeiro, Brasil)<\/li><li><strong>Eva Panetier<\/strong> (Universit\u00e9 Paris Cit\u00e9; Universit\u00e9 Paris-Saclay, Par\u00eds, Francia)<\/li><\/ul>\t\t\t\t\t\t<\/div>\n\t\t\t\t<\/div>\n\t\t\t\t\t<\/div>\n\t\t\t\t<\/div>\n\t\t\t\t<\/div>\n\t\t","protected":false},"excerpt":{"rendered":"<p>Enrique Paillas (StewardObservatory, University of Arizona, USA) Vasiliki Fragkou (Universidad Federal de Rio de Janeiro, Brasil) Luis Lomeli (Observatorio do Valongo, Universidade Federal do Rio de Janeiro, Brasil) Claudia Sc\u00f3ccola (Universidad de Chile, Santiago, Chile) Max McMurdo (Centre for Mathematical Plasma Astrophysics, Leuven, B\u00e9lgica) Dante Minniti (Universidad Andr\u00e9s Bello, Chile) Amaia Razquin Lizarraga (University of &hellip; <\/p>\n<p class=\"link-more\"><a href=\"https:\/\/fof.oac.uncor.edu\/2026\/invited-speakers\/\" class=\"more-link\">Read more<span class=\"screen-reader-text\"> &#8220;Confirmed Invited Speakers&#8221;<\/span><\/a><\/p>\n","protected":false},"author":8,"featured_media":0,"parent":0,"menu_order":0,"comment_status":"closed","ping_status":"closed","template":"","meta":{"footnotes":""},"class_list":["post-34","page","type-page","status-publish","hentry"],"_links":{"self":[{"href":"https:\/\/fof.oac.uncor.edu\/2026\/wp-json\/wp\/v2\/pages\/34","targetHints":{"allow":["GET"]}}],"collection":[{"href":"https:\/\/fof.oac.uncor.edu\/2026\/wp-json\/wp\/v2\/pages"}],"about":[{"href":"https:\/\/fof.oac.uncor.edu\/2026\/wp-json\/wp\/v2\/types\/page"}],"author":[{"embeddable":true,"href":"https:\/\/fof.oac.uncor.edu\/2026\/wp-json\/wp\/v2\/users\/8"}],"replies":[{"embeddable":true,"href":"https:\/\/fof.oac.uncor.edu\/2026\/wp-json\/wp\/v2\/comments?post=34"}],"version-history":[{"count":43,"href":"https:\/\/fof.oac.uncor.edu\/2026\/wp-json\/wp\/v2\/pages\/34\/revisions"}],"predecessor-version":[{"id":1406,"href":"https:\/\/fof.oac.uncor.edu\/2026\/wp-json\/wp\/v2\/pages\/34\/revisions\/1406"}],"wp:attachment":[{"href":"https:\/\/fof.oac.uncor.edu\/2026\/wp-json\/wp\/v2\/media?parent=34"}],"curies":[{"name":"wp","href":"https:\/\/api.w.org\/{rel}","templated":true}]}}