{"id":735,"date":"2024-02-01T14:18:03","date_gmt":"2024-02-01T14:18:03","guid":{"rendered":"https:\/\/fof.oac.uncor.edu\/2024\/?page_id=735"},"modified":"2026-03-16T19:28:05","modified_gmt":"2026-03-16T19:28:05","slug":"participants","status":"publish","type":"page","link":"https:\/\/fof.oac.uncor.edu\/2026\/participants\/","title":{"rendered":"Participants"},"content":{"rendered":"\t\t<div data-elementor-type=\"wp-page\" data-elementor-id=\"735\" class=\"elementor elementor-735\">\n\t\t\t\t<div class=\"elementor-element elementor-element-2e21fd83 e-flex e-con-boxed e-con e-parent\" data-id=\"2e21fd83\" data-element_type=\"container\">\n\t\t\t\t\t<div class=\"e-con-inner\">\n\t\t\t\t<div class=\"elementor-element elementor-element-4b96510b elementor-widget elementor-widget-text-editor\" data-id=\"4b96510b\" data-element_type=\"widget\" data-widget_type=\"text-editor.default\">\n\t\t\t\t<div class=\"elementor-widget-container\">\n\t\t\t<style>\/*! elementor - v3.21.0 - 26-05-2024 *\/\n.elementor-widget-text-editor.elementor-drop-cap-view-stacked .elementor-drop-cap{background-color:#69727d;color:#fff}.elementor-widget-text-editor.elementor-drop-cap-view-framed .elementor-drop-cap{color:#69727d;border:3px solid;background-color:transparent}.elementor-widget-text-editor:not(.elementor-drop-cap-view-default) .elementor-drop-cap{margin-top:8px}.elementor-widget-text-editor:not(.elementor-drop-cap-view-default) .elementor-drop-cap-letter{width:1em;height:1em}.elementor-widget-text-editor .elementor-drop-cap{float:left;text-align:center;line-height:1;font-size:50px}.elementor-widget-text-editor .elementor-drop-cap-letter{display:inline-block}<\/style>\t\t\t\t<!-- wp:columns -->\n<div class=\"wp-block-columns\"><!-- wp:column {\"width\":\"\"} -->\n<div class=\"wp-block-column\"><!-- wp:table {\"hasFixedLayout\":true,\"style\":{\"typography\":{\"fontSize\":\"11px\"}},\"className\":\"is-style-stripes     \"} -->\n<figure class=\"wp-block-table is-style-stripes\" style=\"font-size: 11px\">\n<table style=\"width: 124%;height: 3902px\" border=\"0\" cellspacing=\"0\"><colgroup width=\"314\"><\/colgroup> <colgroup width=\"974\"><\/colgroup>\n<tbody>\n<tr>\n<td style=\"width: 41.5205%\">Abril Guerra<\/td>\n<td style=\"width: 57.3099%\">FAMAF<\/td>\n<\/tr>\n<tr>\n<td style=\"width: 41.5205%\">Accotto Enzo Ismael<\/td>\n<td style=\"width: 57.3099%\">FAMAF<\/td>\n<\/tr>\n<tr>\n<td style=\"width: 41.5205%\">Aguero Maria Paz<\/td>\n<td style=\"width: 57.3099%\">OAC<\/td>\n<\/tr>\n<tr>\n<td style=\"width: 41.5205%\">Agust\u00edn Alfredo Medina<\/td>\n<td style=\"width: 57.3099%\">OAC<\/td>\n<\/tr>\n<tr>\n<td style=\"width: 41.5205%\">Agustin Verna<\/td>\n<td style=\"width: 57.3099%\">FAMAF<\/td>\n<\/tr>\n<tr>\n<td style=\"width: 41.5205%\">Ailen Callen<\/td>\n<td style=\"width: 57.3099%\">IATE<\/td>\n<\/tr>\n<tr>\n<td style=\"width: 41.5205%\">Alejandra Martinez-Bezoky<\/td>\n<td style=\"width: 57.3099%\">OAC<\/td>\n<\/tr>\n<tr>\n<td style=\"width: 41.5205%\">Alvaro Javier Rivera Tabilo<\/td>\n<td style=\"width: 57.3099%\">Universidad de La Serena<\/td>\n<\/tr>\n<tr>\n<td style=\"width: 41.5205%\">Amalia Veras<\/td>\n<td style=\"width: 57.3099%\">FAMAF<\/td>\n<\/tr>\n<tr>\n<td style=\"width: 41.5205%\">Ana Elisa Collado<\/td>\n<td style=\"width: 57.3099%\">ICATE<\/td>\n<\/tr>\n<tr>\n<td style=\"width: 41.5205%\">Ana Laura Garc\u00eda<\/td>\n<td style=\"width: 57.3099%\">OAC<\/td>\n<\/tr>\n<tr>\n<td style=\"width: 41.5205%\">Anal\u00eda Smith Castelli<\/td>\n<td style=\"width: 57.3099%\">IALP<\/td>\n<\/tr>\n<tr>\n<td style=\"width: 41.5205%\">Andrea Ver\u00f3nica Ahumada<\/td>\n<td style=\"width: 57.3099%\">OAC<\/td>\n<\/tr>\n<tr>\n<td style=\"width: 41.5205%\">Anna Paula DiAZ<\/td>\n<td style=\"width: 57.3099%\">FAMAF<\/td>\n<\/tr>\n<tr>\n<td style=\"width: 41.5205%\">Arianna Dolfi<\/td>\n<td style=\"width: 57.3099%\">Universidad de La Serena<\/td>\n<\/tr>\n<tr>\n<td style=\"width: 41.5205%\">Belen Mari<\/td>\n<td style=\"width: 57.3099%\">OAC<\/td>\n<\/tr>\n<tr>\n<td style=\"width: 41.5205%\">Brayan Nicolas Arnijas<\/td>\n<td style=\"width: 57.3099%\">FAMAF<\/td>\n<\/tr>\n<tr>\n<td style=\"width: 41.5205%\">Bruno Martin Celiz<\/td>\n<td style=\"width: 57.3099%\">IATE<\/td>\n<\/tr>\n<tr>\n<td style=\"width: 41.5205%\">Camila Sof\u00eda Beatriz Hormaeche<\/td>\n<td style=\"width: 57.3099%\">FAMAF<\/td>\n<\/tr>\n<tr>\n<td style=\"width: 41.5205%\">Camila Zuloaga<\/td>\n<td style=\"width: 57.3099%\">OAC<\/td>\n<\/tr>\n<tr>\n<td style=\"width: 41.5205%\">Canaparo Nicolas<\/td>\n<td style=\"width: 57.3099%\">FAMAF<\/td>\n<\/tr>\n<tr>\n<td style=\"width: 41.5205%\">Candela Cerdosino<\/td>\n<td style=\"width: 57.3099%\">IATE<\/td>\n<\/tr>\n<tr>\n<td style=\"width: 41.5205%\">Carlos Saffe<\/td>\n<td style=\"width: 57.3099%\">ICATE<\/td>\n<\/tr>\n<tr>\n<td style=\"width: 41.5205%\">Carlos Valotto<\/td>\n<td style=\"width: 57.3099%\">IATE<\/td>\n<\/tr>\n<tr>\n<td style=\"width: 41.5205%\">Carolina Segovia<\/td>\n<td style=\"width: 57.3099%\">FAMAF<\/td>\n<\/tr>\n<tr>\n<td style=\"width: 41.5205%\">Carolina Villalon<\/td>\n<td style=\"width: 57.3099%\">IATE<\/td>\n<\/tr>\n<tr>\n<td style=\"width: 41.5205%\">Celeste Parisi<\/td>\n<td style=\"width: 57.3099%\">IATE<\/td>\n<\/tr>\n<tr>\n<td style=\"width: 41.5205%\">Chanampa, Camila Valentina<\/td>\n<td style=\"width: 57.3099%\">UNSJ<\/td>\n<\/tr>\n<tr>\n<td style=\"width: 41.5205%\">Christian Alex Iv\u00e1n Baleriano<\/td>\n<td style=\"width: 57.3099%\">FAMAF<\/td>\n<\/tr>\n<tr>\n<td style=\"width: 41.5205%\">Cintia Fernanda Martinez<\/td>\n<td style=\"width: 57.3099%\">OAC<\/td>\n<\/tr>\n<tr>\n<td style=\"width: 41.5205%\">Dami\u00e1n Mast<\/td>\n<td style=\"width: 57.3099%\">OAC<\/td>\n<\/tr>\n<tr>\n<td style=\"width: 41.5205%\">Dante Paz<\/td>\n<td style=\"width: 57.3099%\">IATE<\/td>\n<\/tr>\n<tr>\n<td style=\"width: 41.5205%\">David C. Merlo<\/td>\n<td style=\"width: 57.3099%\">OAC<\/td>\n<\/tr>\n<tr>\n<td style=\"width: 41.5205%\">Dharma Pereyra Redondo<\/td>\n<td style=\"width: 57.3099%\">FAMAF<\/td>\n<\/tr>\n<tr>\n<td style=\"width: 41.5205%\">Diego Garc\u00eda Lambas<\/td>\n<td style=\"width: 57.3099%\">IATE<\/td>\n<\/tr>\n<tr>\n<td style=\"width: 41.5205%\">Eduardo O. Schmidt<\/td>\n<td style=\"width: 57.3099%\">IATE<\/td>\n<\/tr>\n<tr>\n<td style=\"width: 41.5205%\">Emiliano Jofr\u00e9<\/td>\n<td style=\"width: 57.3099%\">OAC<\/td>\n<\/tr>\n<tr>\n<td style=\"width: 41.5205%\">Emmanuel Gianuzzi<\/td>\n<td style=\"width: 57.3099%\">IATE<\/td>\n<\/tr>\n<tr>\n<td style=\"width: 41.5205%\">Eric Pablo Antonio Gonz\u00e1lez<\/td>\n<td style=\"width: 57.3099%\">OAFA\/ICATE<\/td>\n<\/tr>\n<tr>\n<td style=\"width: 41.5205%\">Ernesto Zurbriggen<\/td>\n<td style=\"width: 57.3099%\">IATE<\/td>\n<\/tr>\n<tr>\n<td style=\"width: 41.5205%\">Facundo Toscano<\/td>\n<td style=\"width: 57.3099%\">IATE<\/td>\n<\/tr>\n<tr>\n<td style=\"width: 41.5205%\">Federico Andr\u00e9s Zoppetti<\/td>\n<td style=\"width: 57.3099%\">OAC<\/td>\n<\/tr>\n<tr>\n<td style=\"width: 41.5205%\">Federico Oscar Simondi Romero<\/td>\n<td style=\"width: 57.3099%\">OAC<\/td>\n<\/tr>\n<tr>\n<td style=\"width: 41.5205%\">Federico Stasyszyn<\/td>\n<td style=\"width: 57.3099%\">IATE<\/td>\n<\/tr>\n<tr>\n<td style=\"width: 41.5205%\">Gabriel Andr\u00e9s Oio<\/td>\n<td style=\"width: 57.3099%\">OAC<\/td>\n<\/tr>\n<tr>\n<td style=\"width: 41.5205%\">Garcia Octavio<\/td>\n<td style=\"width: 57.3099%\">IATE<\/td>\n<\/tr>\n<tr>\n<td style=\"width: 41.5205%\">Guadalupe Baigorria<\/td>\n<td style=\"width: 57.3099%\">FAMAF<\/td>\n<\/tr>\n<tr>\n<td style=\"width: 41.5205%\">Hannah Gloria Borrego Cortez<\/td>\n<td style=\"width: 57.3099%\">UNC<\/td>\n<\/tr>\n<tr>\n<td style=\"width: 41.5205%\">Hebe Cremade<\/td>\n<td style=\"width: 57.3099%\">Universidad de Mendoza<\/td>\n<\/tr>\n<tr>\n<td style=\"width: 41.5205%\">Heliana Luparello<\/td>\n<td style=\"width: 57.3099%\">IATE<\/td>\n<\/tr>\n<tr>\n<td style=\"width: 41.5205%\">Hermano Velten<\/td>\n<td style=\"width: 57.3099%\">UFOP<\/td>\n<\/tr>\n<tr>\n<td style=\"width: 41.5205%\">Horacio Dottori<\/td>\n<td style=\"width: 57.3099%\">UFRGS<\/td>\n<\/tr>\n<tr>\n<td style=\"width: 41.5205%\">Ian Gamboa<\/td>\n<td style=\"width: 57.3099%\">FAMAF<\/td>\n<\/tr>\n<tr>\n<td style=\"width: 41.5205%\">Iv\u00e1n Bustos Fierro<\/td>\n<td style=\"width: 57.3099%\">OAC<\/td>\n<\/tr>\n<tr>\n<td style=\"width: 41.5205%\">Javier Antonio Camperi<\/td>\n<td style=\"width: 57.3099%\">OAC<\/td>\n<\/tr>\n<tr>\n<td style=\"width: 41.5205%\">Jerem\u00edas Tineo Fern\u00e1ndez<\/td>\n<td style=\"width: 57.3099%\">FAMAF<\/td>\n<\/tr>\n<tr>\n<td style=\"width: 41.5205%\">Jos\u00e9 Alacoria<\/td>\n<td style=\"width: 57.3099%\">ICATE<\/td>\n<\/tr>\n<tr>\n<td style=\"width: 41.5205%\">Jose Luis Gomez<\/td>\n<td style=\"width: 57.3099%\">IALP<\/td>\n<\/tr>\n<tr>\n<td style=\"width: 41.5205%\">Juan Atwood<\/td>\n<td style=\"width: 57.3099%\">FAMAF<\/td>\n<\/tr>\n<tr>\n<td style=\"width: 41.5205%\">Juan Diego Racker<\/td>\n<td style=\"width: 57.3099%\">IATE<\/td>\n<\/tr>\n<tr>\n<td style=\"width: 41.5205%\">Juan Pablo Domenech<\/td>\n<td style=\"width: 57.3099%\">FAMAF<\/td>\n<\/tr>\n<tr>\n<td style=\"width: 41.5205%\">Julieta Magal\u00ed Puddu<\/td>\n<td style=\"width: 57.3099%\">FAMAF<\/td>\n<\/tr>\n<tr>\n<td style=\"width: 41.5205%\">Julieta Paola Storino<\/td>\n<td style=\"width: 57.3099%\">FAMAF<\/td>\n<\/tr>\n<tr>\n<td style=\"width: 41.5205%\">Lara Carballo<\/td>\n<td style=\"width: 57.3099%\">FAMAF<\/td>\n<\/tr>\n<tr>\n<td style=\"width: 41.5205%\">Leila Saker<\/td>\n<td style=\"width: 57.3099%\">OAC<\/td>\n<\/tr>\n<tr>\n<td style=\"width: 41.5205%\">Leticia V. Ferrero<\/td>\n<td style=\"width: 57.3099%\">OAC<\/td>\n<\/tr>\n<tr>\n<td style=\"width: 41.5205%\">Lo Presti F\u00e1tima<\/td>\n<td style=\"width: 57.3099%\">FAMAF<\/td>\n<\/tr>\n<tr>\n<td style=\"width: 41.5205%\">Lourdes Sofia Bett Pomo<\/td>\n<td style=\"width: 57.3099%\">FAMAF<\/td>\n<\/tr>\n<tr>\n<td style=\"width: 41.5205%\">Lucas Chao<\/td>\n<td style=\"width: 57.3099%\">FAMAF<\/td>\n<\/tr>\n<tr>\n<td style=\"width: 41.5205%\">Lucas Diego Willington Schmidt<\/td>\n<td style=\"width: 57.3099%\">UNC<\/td>\n<\/tr>\n<tr>\n<td style=\"width: 41.5205%\">Luciana Veronica Gramajo<\/td>\n<td style=\"width: 57.3099%\">OAC<\/td>\n<\/tr>\n<tr>\n<td style=\"width: 41.5205%\">Luciano Garcia<\/td>\n<td style=\"width: 57.3099%\">OAC<\/td>\n<\/tr>\n<tr>\n<td style=\"width: 41.5205%\">Luis Vega-Neme<\/td>\n<td style=\"width: 57.3099%\">IATE<\/td>\n<\/tr>\n<tr>\n<td style=\"width: 41.5205%\">Luna Isabel Sarmiento<\/td>\n<td style=\"width: 57.3099%\">FAMAF<\/td>\n<\/tr>\n<tr>\n<td style=\"width: 41.5205%\">Malena Alchu<\/td>\n<td style=\"width: 57.3099%\">FAMAF<\/td>\n<\/tr>\n<tr>\n<td style=\"width: 41.5205%\">Malena Guevara<\/td>\n<td style=\"width: 57.3099%\">FAMAF<\/td>\n<\/tr>\n<tr>\n<td style=\"width: 41.5205%\">Marcelo Rubio<\/td>\n<td style=\"width: 57.3099%\">FAMAF<\/td>\n<\/tr>\n<tr>\n<td style=\"width: 41.5205%\">Marcos Adrian Josue Baracchi<\/td>\n<td style=\"width: 57.3099%\">IATE<\/td>\n<\/tr>\n<tr>\n<td style=\"width: 41.5205%\">Marcos Ariel Ramirez<\/td>\n<td style=\"width: 57.3099%\">IATE<\/td>\n<\/tr>\n<tr>\n<td style=\"width: 41.5205%\">Mar\u00eda Laura Ceccarelli<\/td>\n<td style=\"width: 57.3099%\">IATE<\/td>\n<\/tr>\n<tr>\n<td style=\"width: 41.5205%\">Mar\u00eda Victoria Alonso<\/td>\n<td style=\"width: 57.3099%\">IATE<\/td>\n<\/tr>\n<tr>\n<td style=\"width: 41.5205%\">Mariana Cecere<\/td>\n<td style=\"width: 57.3099%\">IATE<\/td>\n<\/tr>\n<tr>\n<td style=\"width: 41.5205%\">Mario Abadi<\/td>\n<td style=\"width: 57.3099%\">IATE<\/td>\n<\/tr>\n<tr>\n<td style=\"width: 41.5205%\">Mart\u00edn de los Rios<\/td>\n<td style=\"width: 57.3099%\">IATE<\/td>\n<\/tr>\n<tr>\n<td style=\"width: 41.5205%\">Mart\u00edn Leiva<\/td>\n<td style=\"width: 57.3099%\">OAC<\/td>\n<\/tr>\n<tr>\n<td style=\"width: 41.5205%\">Martin Moyano<\/td>\n<td style=\"width: 57.3099%\">OAC<\/td>\n<\/tr>\n<tr>\n<td style=\"width: 41.5205%\">Martina Tetzlaff<\/td>\n<td style=\"width: 57.3099%\">IATE<\/td>\n<\/tr>\n<tr>\n<td style=\"width: 41.5205%\">Matheus Daniel Koren<\/td>\n<td style=\"width: 57.3099%\">FURG<\/td>\n<\/tr>\n<tr>\n<td style=\"width: 41.5205%\">Maximiliano Bozzoli<\/td>\n<td style=\"width: 57.3099%\">FFyH<\/td>\n<\/tr>\n<tr>\n<td style=\"width: 41.5205%\">Mercedes G\u00f3mez<\/td>\n<td style=\"width: 57.3099%\">OAC<\/td>\n<\/tr>\n<tr>\n<td style=\"width: 41.5205%\">M\u00f3nica Alejandra Oddone<\/td>\n<td style=\"width: 57.3099%\">OAC<\/td>\n<\/tr>\n<tr>\n<td style=\"width: 41.5205%\">Nelson Padilla<\/td>\n<td style=\"width: 57.3099%\">IATE<\/td>\n<\/tr>\n<tr>\n<td style=\"width: 41.5205%\">Nicolas Augusto Kozameh<\/td>\n<td style=\"width: 57.3099%\">IATE<\/td>\n<\/tr>\n<tr>\n<td style=\"width: 41.5205%\">Olga Maryeva<\/td>\n<td style=\"width: 57.3099%\">Czech Academy of Sciences (ASU)<\/td>\n<\/tr>\n<tr>\n<td style=\"width: 41.5205%\">Pablo L\u00f3pez<\/td>\n<td style=\"width: 57.3099%\">IATE<\/td>\n<\/tr>\n<tr>\n<td style=\"width: 41.5205%\">Paula Denise L\u00f3pez<\/td>\n<td style=\"width: 57.3099%\">Universidad de La Serena<\/td>\n<\/tr>\n<tr>\n<td style=\"width: 41.5205%\">Paulina Mons\u00fa<\/td>\n<td style=\"width: 57.3099%\">FAMAF<\/td>\n<\/tr>\n<tr>\n<td style=\"width: 41.5205%\">Paulina Zoe Mons\u00fa Petiti<\/td>\n<td style=\"width: 57.3099%\">FAMAF<\/td>\n<\/tr>\n<tr>\n<td style=\"width: 41.5205%\">Rafael Pignatta<\/td>\n<td style=\"width: 57.3099%\">OAC<\/td>\n<\/tr>\n<tr>\n<td style=\"width: 41.5205%\">Rocio Daniela Rodriguez Taboada<\/td>\n<td style=\"width: 57.3099%\">INENCO<\/td>\n<\/tr>\n<tr>\n<td style=\"width: 41.5205%\">Rodrigo Facundo Haack<\/td>\n<td style=\"width: 57.3099%\">IALP<\/td>\n<\/tr>\n<tr>\n<td style=\"width: 41.5205%\">Rom\u00e1n Ciro Martin<\/td>\n<td style=\"width: 57.3099%\">FAMAF<\/td>\n<\/tr>\n<tr>\n<td style=\"width: 41.5205%\">Roman Vena Valdarenas<\/td>\n<td style=\"width: 57.3099%\">OAC<\/td>\n<\/tr>\n<tr>\n<td style=\"width: 41.5205%\">Romualdo Eleut\u00e9rio<\/td>\n<td style=\"width: 57.3099%\">Observat\u00f3rio Nacional<\/td>\n<\/tr>\n<tr>\n<td style=\"width: 41.5205%\">Schoepf Santiago<\/td>\n<td style=\"width: 57.3099%\">FAMAF<\/td>\n<\/tr>\n<tr>\n<td style=\"width: 41.5205%\">Sergey Karpov<\/td>\n<td style=\"width: 57.3099%\">Czech Academy of Sciences (FZU)<\/td>\n<\/tr>\n<tr>\n<td style=\"width: 41.5205%\">Silvina Romero<\/td>\n<td style=\"width: 57.3099%\">FAMAF<\/td>\n<\/tr>\n<tr>\n<td style=\"width: 41.5205%\">Silvio Rodriguez Moncada<\/td>\n<td style=\"width: 57.3099%\">IATE<\/td>\n<\/tr>\n<tr>\n<td style=\"width: 41.5205%\">Sophie Daniella Contreras G\u00f3mez<\/td>\n<td style=\"width: 57.3099%\">FAMAF<\/td>\n<\/tr>\n<tr>\n<td style=\"width: 41.5205%\">Tadeo Ignacio Macaroff<\/td>\n<td style=\"width: 57.3099%\">OAC<\/td>\n<\/tr>\n<tr>\n<td style=\"width: 41.5205%\">Tali Palma<\/td>\n<td style=\"width: 57.3099%\">OAC<\/td>\n<\/tr>\n<tr>\n<td style=\"width: 41.5205%\">Tapia-Reina Martina<\/td>\n<td style=\"width: 57.3099%\">OAC<\/td>\n<\/tr>\n<tr>\n<td style=\"width: 41.5205%\">Tom\u00e1s Hough<\/td>\n<td style=\"width: 57.3099%\">Universidad Aut\u00f3noma de Madrid<\/td>\n<\/tr>\n<tr>\n<td style=\"width: 41.5205%\">Tom\u00e1s Krilich<\/td>\n<td style=\"width: 57.3099%\">OAC<\/td>\n<\/tr>\n<tr>\n<td style=\"width: 41.5205%\">Valentino Gimenez Ribes<\/td>\n<td style=\"width: 57.3099%\">FAMAF<\/td>\n<\/tr>\n<tr>\n<td style=\"width: 41.5205%\">Valeria A. Cristiani<\/td>\n<td style=\"width: 57.3099%\">IATE<\/td>\n<\/tr>\n<tr>\n<td style=\"width: 41.5205%\">Virginia Cuomo<\/td>\n<td style=\"width: 57.3099%\">Universidad de La Serena<\/td>\n<\/tr>\n<tr>\n<td style=\"width: 41.5205%\">Walter Weidmann<\/td>\n<td style=\"width: 57.3099%\">OAC<\/td>\n<\/tr>\n<tr>\n<td style=\"width: 41.5205%\">Yamila Yaryura<\/td>\n<td style=\"width: 57.3099%\">IATE<\/td>\n<\/tr>\n<tr>\n<td style=\"width: 41.5205%\">Yuliana Martinez<\/td>\n<td style=\"width: 57.3099%\">FAMAF<\/td>\n<\/tr>\n<tr style=\"height: 33px\">\n<td style=\"width: 41.5205%;height: 33px\">Yuliana Martinez<\/td>\n<td style=\"width: 57.3099%;height: 33px\">FAMAF<\/td>\n<\/tr>\n<\/tbody>\n<\/table>\n<\/figure>\n<!-- \/wp:table --><\/div>\n<!-- \/wp:column --><\/div>\n<!-- \/wp:columns -->\t\t\t\t\t\t<\/div>\n\t\t\t\t<\/div>\n\t\t\t\t\t<\/div>\n\t\t\t\t<\/div>\n\t\t\t\t<\/div>\n\t\t","protected":false},"excerpt":{"rendered":"<p>Abril Guerra FAMAF Accotto Enzo Ismael FAMAF Aguero Maria Paz OAC Agust\u00edn Alfredo Medina OAC Agustin Verna FAMAF Ailen Callen IATE Alejandra Martinez-Bezoky OAC Alvaro Javier Rivera Tabilo Universidad de La Serena Amalia Veras FAMAF Ana Elisa Collado ICATE Ana Laura Garc\u00eda OAC Anal\u00eda Smith Castelli IALP Andrea Ver\u00f3nica Ahumada OAC Anna Paula DiAZ FAMAF &hellip; <\/p>\n<p class=\"link-more\"><a href=\"https:\/\/fof.oac.uncor.edu\/2026\/participants\/\" class=\"more-link\">Read more<span class=\"screen-reader-text\"> &#8220;Participants&#8221;<\/span><\/a><\/p>\n","protected":false},"author":8,"featured_media":0,"parent":0,"menu_order":1,"comment_status":"closed","ping_status":"closed","template":"","meta":{"footnotes":""},"class_list":["post-735","page","type-page","status-publish","hentry"],"_links":{"self":[{"href":"https:\/\/fof.oac.uncor.edu\/2026\/wp-json\/wp\/v2\/pages\/735","targetHints":{"allow":["GET"]}}],"collection":[{"href":"https:\/\/fof.oac.uncor.edu\/2026\/wp-json\/wp\/v2\/pages"}],"about":[{"href":"https:\/\/fof.oac.uncor.edu\/2026\/wp-json\/wp\/v2\/types\/page"}],"author":[{"embeddable":true,"href":"https:\/\/fof.oac.uncor.edu\/2026\/wp-json\/wp\/v2\/users\/8"}],"replies":[{"embeddable":true,"href":"https:\/\/fof.oac.uncor.edu\/2026\/wp-json\/wp\/v2\/comments?post=735"}],"version-history":[{"count":20,"href":"https:\/\/fof.oac.uncor.edu\/2026\/wp-json\/wp\/v2\/pages\/735\/revisions"}],"predecessor-version":[{"id":1376,"href":"https:\/\/fof.oac.uncor.edu\/2026\/wp-json\/wp\/v2\/pages\/735\/revisions\/1376"}],"wp:attachment":[{"href":"https:\/\/fof.oac.uncor.edu\/2026\/wp-json\/wp\/v2\/media?parent=735"}],"curies":[{"name":"wp","href":"https:\/\/api.w.org\/{rel}","templated":true}]}}